{"id":12,"date":"2024-09-08T23:13:33","date_gmt":"2024-09-08T21:13:33","guid":{"rendered":"http:\/\/smallworldcamper.com\/?page_id=12"},"modified":"2025-12-02T16:26:37","modified_gmt":"2025-12-02T15:26:37","slug":"strona-glowna","status":"publish","type":"page","link":"https:\/\/smallworldcamper.com\/","title":{"rendered":"Strona g\u0142\u00f3wna"},"content":{"rendered":"\t\t<div data-elementor-type=\"wp-page\" data-elementor-id=\"12\" class=\"elementor elementor-12\">\n\t\t\t\t<div class=\"elementor-element elementor-element-7288c95e e-flex e-con-boxed e-con e-parent\" data-id=\"7288c95e\" data-element_type=\"container\">\n\t\t\t\t\t<div class=\"e-con-inner\">\n\t\t\t\t<div class=\"elementor-element elementor-element-383f4885 elementor-widget elementor-widget-text-editor\" data-id=\"383f4885\" data-element_type=\"widget\" data-widget_type=\"text-editor.default\">\n\t\t\t\t<div class=\"elementor-widget-container\">\n\t\t\t<style>\/*! elementor - v3.23.0 - 05-08-2024 *\/\n.elementor-widget-text-editor.elementor-drop-cap-view-stacked .elementor-drop-cap{background-color:#69727d;color:#fff}.elementor-widget-text-editor.elementor-drop-cap-view-framed .elementor-drop-cap{color:#69727d;border:3px solid;background-color:transparent}.elementor-widget-text-editor:not(.elementor-drop-cap-view-default) .elementor-drop-cap{margin-top:8px}.elementor-widget-text-editor:not(.elementor-drop-cap-view-default) .elementor-drop-cap-letter{width:1em;height:1em}.elementor-widget-text-editor .elementor-drop-cap{float:left;text-align:center;line-height:1;font-size:50px}.elementor-widget-text-editor .elementor-drop-cap-letter{display:inline-block}<\/style>\t\t\t\t<p>Jeste\u015bmy czteroosobow\u0105 rodzin\u0105 w podr\u00f3\u017cy \u017cycia.\u00a0<\/p>\n<p>Nasza historia w mediach <a href=\"https:\/\/www.instagram.com\/small_world_camper\/\" target=\"_blank\" rel=\"noopener\">Instagram.<\/a><\/p>\n<p>Podr\u00f3\u017cnikami, z oczami szeroko otwartymi na \u015bwiat i my\u015blami pe\u0142nymi wolno\u015bci.<\/p>\n<p>Naszym domem jest kamper, kt\u00f3ry niesie nas\u00a0 przez miejsca pe\u0142ne magii i natury.<\/p>\n<p>\u017byjemy w rytmie dr\u00f3g, \u015bwitu i zachodu s\u0142o\u0144ca. Uczymy si\u0119 \u017cycia, nie z ksi\u0105\u017cek, a z chwil, z rozm\u00f3w, las\u00f3w, ciszy i \u015bmiechu.<\/p>\n<p>Nasze c\u00f3rki ucz\u0105 si\u0119 \u017cycia bez mur\u00f3w i granic- poprzez obserwacj\u0119, do\u015bwiadczanie i w\u0142asne odkrycia, gdzie tak naprawd\u0119 ka\u017cdy dzie\u0144 jest lekcj\u0105. Odkrywaj\u0105 \u015bwiat w swoim tempie, w edukacji domowej, a my uczymy si\u0119 razem z nimi ka\u017cdego dnia od nowa. Towarzyszy nam wierny pies i zaufanie do \u017cycia. Wybieramy prostot\u0119, wolno\u015b\u0107 i blisko\u015b\u0107 natury.<\/p>\n<p>W\u0119drujemy nie dla celu lecz dla samej drogi, by by\u0107 blisko siebie, \u015bwiata i cudownych ludzi kt\u00f3rych los stawia nam na drodze.<\/p>\n<p>Zainspirowali\u015bmy Ci\u0119. To mo\u017ce Ci\u0119 zainteresuj\u0105 nasze pomys\u0142y\u00a0<\/p>\n<p><a href=\"https:\/\/patronite.pl\/SWC\">Small World Camper &#8211; Patronite.pl<\/a><\/p>\n<p>albo chcesz nam postawi\u0107 kaw\u0119?<\/p>\n<p><a href=\"https:\/\/buycoffee.to\/smallworldcamper\">Postaw kaw\u0119 dla SmallWorldCamper &#8211; buycoffee.to<\/a><\/p>\n<p>\u00a0<\/p>\n<p><!-- wp:paragraph --><!-- \/wp:paragraph --><\/p>\t\t\t\t\t\t<\/div>\n\t\t\t\t<\/div>\n\t\t\t\t\t<\/div>\n\t\t\t\t<\/div>\n\t\t\t\t<\/div>\n\t\t","protected":false},"excerpt":{"rendered":"<p>Jeste\u015bmy czteroosobow\u0105 rodzin\u0105 w podr\u00f3\u017cy \u017cycia.\u00a0 Nasza historia w mediach Instagram. Podr\u00f3\u017cnikami, z oczami szeroko otwartymi na \u015bwiat i my\u015blami pe\u0142nymi wolno\u015bci. Naszym domem jest kamper, kt\u00f3ry niesie nas\u00a0 przez miejsca pe\u0142ne magii i natury. \u017byjemy w rytmie dr\u00f3g, \u015bwitu i zachodu s\u0142o\u0144ca. Uczymy si\u0119 \u017cycia, nie z ksi\u0105\u017cek, a z chwil, z rozm\u00f3w, las\u00f3w, &hellip; <\/p>\n<p class=\"link-more\"><a href=\"https:\/\/smallworldcamper.com\/\" class=\"more-link\">Czytaj dalej<span class=\"screen-reader-text\"> \u201eStrona g\u0142\u00f3wna\u201d<\/span><\/a><\/p>\n","protected":false},"author":1,"featured_media":56,"parent":0,"menu_order":0,"comment_status":"closed","ping_status":"closed","template":"","meta":{"footnotes":""},"class_list":["post-12","page","type-page","status-publish","has-post-thumbnail","hentry"],"yoast_head":"<!-- This site is optimized with the Yoast SEO plugin v23.4 - https:\/\/yoast.com\/wordpress\/plugins\/seo\/ -->\n<title>Strona g\u0142\u00f3wna - Small World Camper<\/title>\n<meta name=\"robots\" content=\"index, follow, max-snippet:-1, max-image-preview:large, max-video-preview:-1\" \/>\n<link rel=\"canonical\" href=\"https:\/\/smallworldcamper.com\/\" \/>\n<meta property=\"og:locale\" content=\"pl_PL\" \/>\n<meta property=\"og:type\" content=\"article\" \/>\n<meta property=\"og:title\" content=\"Strona g\u0142\u00f3wna - Small World Camper\" \/>\n<meta property=\"og:description\" content=\"Jeste\u015bmy czteroosobow\u0105 rodzin\u0105 w podr\u00f3\u017cy \u017cycia.\u00a0 Nasza historia w mediach Instagram. Podr\u00f3\u017cnikami, z oczami szeroko otwartymi na \u015bwiat i my\u015blami pe\u0142nymi wolno\u015bci. Naszym domem jest kamper, kt\u00f3ry niesie nas\u00a0 przez miejsca pe\u0142ne magii i natury. \u017byjemy w rytmie dr\u00f3g, \u015bwitu i zachodu s\u0142o\u0144ca. Uczymy si\u0119 \u017cycia, nie z ksi\u0105\u017cek, a z chwil, z rozm\u00f3w, las\u00f3w, &hellip; Czytaj dalej \u201eStrona g\u0142\u00f3wna\u201d\" \/>\n<meta property=\"og:url\" content=\"https:\/\/smallworldcamper.com\/\" \/>\n<meta property=\"og:site_name\" content=\"Small World Camper\" \/>\n<meta property=\"article:publisher\" content=\"https:\/\/www.facebook.com\/small.world.camper\/\" \/>\n<meta property=\"article:modified_time\" content=\"2025-12-02T15:26:37+00:00\" \/>\n<meta property=\"og:image\" content=\"https:\/\/smallworldcamper.com\/wp-content\/uploads\/2024\/09\/Logo-kolo.png\" \/>\n\t<meta property=\"og:image:width\" content=\"500\" \/>\n\t<meta property=\"og:image:height\" content=\"500\" \/>\n\t<meta property=\"og:image:type\" content=\"image\/png\" \/>\n<meta name=\"twitter:card\" content=\"summary_large_image\" \/>\n<meta name=\"twitter:label1\" content=\"Szacowany czas czytania\" \/>\n\t<meta name=\"twitter:data1\" content=\"1 minuta\" \/>\n<script type=\"application\/ld+json\" class=\"yoast-schema-graph\">{\"@context\":\"https:\/\/schema.org\",\"@graph\":[{\"@type\":\"WebPage\",\"@id\":\"https:\/\/smallworldcamper.com\/\",\"url\":\"https:\/\/smallworldcamper.com\/\",\"name\":\"Strona g\u0142\u00f3wna - Small World Camper\",\"isPartOf\":{\"@id\":\"https:\/\/smallworldcamper.com\/#website\"},\"primaryImageOfPage\":{\"@id\":\"https:\/\/smallworldcamper.com\/#primaryimage\"},\"image\":{\"@id\":\"https:\/\/smallworldcamper.com\/#primaryimage\"},\"thumbnailUrl\":\"https:\/\/smallworldcamper.com\/wp-content\/uploads\/2024\/11\/unnamed-2-scaled.jpg\",\"datePublished\":\"2024-09-08T21:13:33+00:00\",\"dateModified\":\"2025-12-02T15:26:37+00:00\",\"breadcrumb\":{\"@id\":\"https:\/\/smallworldcamper.com\/#breadcrumb\"},\"inLanguage\":\"pl-PL\",\"potentialAction\":[{\"@type\":\"ReadAction\",\"target\":[\"https:\/\/smallworldcamper.com\/\"]}]},{\"@type\":\"ImageObject\",\"inLanguage\":\"pl-PL\",\"@id\":\"https:\/\/smallworldcamper.com\/#primaryimage\",\"url\":\"https:\/\/smallworldcamper.com\/wp-content\/uploads\/2024\/11\/unnamed-2-scaled.jpg\",\"contentUrl\":\"https:\/\/smallworldcamper.com\/wp-content\/uploads\/2024\/11\/unnamed-2-scaled.jpg\",\"width\":1920,\"height\":2560},{\"@type\":\"BreadcrumbList\",\"@id\":\"https:\/\/smallworldcamper.com\/#breadcrumb\",\"itemListElement\":[{\"@type\":\"ListItem\",\"position\":1,\"name\":\"Home\",\"item\":\"https:\/\/smallworldcamper.com\/\"},{\"@type\":\"ListItem\",\"position\":2,\"name\":\"Strona g\u0142\u00f3wna\"}]},{\"@type\":\"WebSite\",\"@id\":\"https:\/\/smallworldcamper.com\/#website\",\"url\":\"https:\/\/smallworldcamper.com\/\",\"name\":\"Small World Camper\",\"description\":\"\u017by\u0107 tak naprawd\u0119 !\",\"publisher\":{\"@id\":\"https:\/\/smallworldcamper.com\/#organization\"},\"potentialAction\":[{\"@type\":\"SearchAction\",\"target\":{\"@type\":\"EntryPoint\",\"urlTemplate\":\"https:\/\/smallworldcamper.com\/?s={search_term_string}\"},\"query-input\":{\"@type\":\"PropertyValueSpecification\",\"valueRequired\":true,\"valueName\":\"search_term_string\"}}],\"inLanguage\":\"pl-PL\"},{\"@type\":\"Organization\",\"@id\":\"https:\/\/smallworldcamper.com\/#organization\",\"name\":\"Small World Camper\",\"url\":\"https:\/\/smallworldcamper.com\/\",\"logo\":{\"@type\":\"ImageObject\",\"inLanguage\":\"pl-PL\",\"@id\":\"https:\/\/smallworldcamper.com\/#\/schema\/logo\/image\/\",\"url\":\"https:\/\/smallworldcamper.com\/wp-content\/uploads\/2025\/08\/cropped-Logo_SWC-KOLOR4-01-scaled-1.png\",\"contentUrl\":\"https:\/\/smallworldcamper.com\/wp-content\/uploads\/2025\/08\/cropped-Logo_SWC-KOLOR4-01-scaled-1.png\",\"width\":250,\"height\":250,\"caption\":\"Small World Camper\"},\"image\":{\"@id\":\"https:\/\/smallworldcamper.com\/#\/schema\/logo\/image\/\"},\"sameAs\":[\"https:\/\/www.facebook.com\/small.world.camper\/\",\"https:\/\/www.instagram.com\/small_world_camper\/\"]}]}<\/script>\n<!-- \/ Yoast SEO plugin. -->","yoast_head_json":{"title":"Strona g\u0142\u00f3wna - Small World Camper","robots":{"index":"index","follow":"follow","max-snippet":"max-snippet:-1","max-image-preview":"max-image-preview:large","max-video-preview":"max-video-preview:-1"},"canonical":"https:\/\/smallworldcamper.com\/","og_locale":"pl_PL","og_type":"article","og_title":"Strona g\u0142\u00f3wna - Small World Camper","og_description":"Jeste\u015bmy czteroosobow\u0105 rodzin\u0105 w podr\u00f3\u017cy \u017cycia.\u00a0 Nasza historia w mediach Instagram. Podr\u00f3\u017cnikami, z oczami szeroko otwartymi na \u015bwiat i my\u015blami pe\u0142nymi wolno\u015bci. Naszym domem jest kamper, kt\u00f3ry niesie nas\u00a0 przez miejsca pe\u0142ne magii i natury. \u017byjemy w rytmie dr\u00f3g, \u015bwitu i zachodu s\u0142o\u0144ca. Uczymy si\u0119 \u017cycia, nie z ksi\u0105\u017cek, a z chwil, z rozm\u00f3w, las\u00f3w, &hellip; Czytaj dalej \u201eStrona g\u0142\u00f3wna\u201d","og_url":"https:\/\/smallworldcamper.com\/","og_site_name":"Small World Camper","article_publisher":"https:\/\/www.facebook.com\/small.world.camper\/","article_modified_time":"2025-12-02T15:26:37+00:00","og_image":[{"width":500,"height":500,"url":"https:\/\/smallworldcamper.com\/wp-content\/uploads\/2024\/09\/Logo-kolo.png","type":"image\/png"}],"twitter_card":"summary_large_image","twitter_misc":{"Szacowany czas czytania":"1 minuta"},"schema":{"@context":"https:\/\/schema.org","@graph":[{"@type":"WebPage","@id":"https:\/\/smallworldcamper.com\/","url":"https:\/\/smallworldcamper.com\/","name":"Strona g\u0142\u00f3wna - Small World Camper","isPartOf":{"@id":"https:\/\/smallworldcamper.com\/#website"},"primaryImageOfPage":{"@id":"https:\/\/smallworldcamper.com\/#primaryimage"},"image":{"@id":"https:\/\/smallworldcamper.com\/#primaryimage"},"thumbnailUrl":"https:\/\/smallworldcamper.com\/wp-content\/uploads\/2024\/11\/unnamed-2-scaled.jpg","datePublished":"2024-09-08T21:13:33+00:00","dateModified":"2025-12-02T15:26:37+00:00","breadcrumb":{"@id":"https:\/\/smallworldcamper.com\/#breadcrumb"},"inLanguage":"pl-PL","potentialAction":[{"@type":"ReadAction","target":["https:\/\/smallworldcamper.com\/"]}]},{"@type":"ImageObject","inLanguage":"pl-PL","@id":"https:\/\/smallworldcamper.com\/#primaryimage","url":"https:\/\/smallworldcamper.com\/wp-content\/uploads\/2024\/11\/unnamed-2-scaled.jpg","contentUrl":"https:\/\/smallworldcamper.com\/wp-content\/uploads\/2024\/11\/unnamed-2-scaled.jpg","width":1920,"height":2560},{"@type":"BreadcrumbList","@id":"https:\/\/smallworldcamper.com\/#breadcrumb","itemListElement":[{"@type":"ListItem","position":1,"name":"Home","item":"https:\/\/smallworldcamper.com\/"},{"@type":"ListItem","position":2,"name":"Strona g\u0142\u00f3wna"}]},{"@type":"WebSite","@id":"https:\/\/smallworldcamper.com\/#website","url":"https:\/\/smallworldcamper.com\/","name":"Small World Camper","description":"\u017by\u0107 tak naprawd\u0119 !","publisher":{"@id":"https:\/\/smallworldcamper.com\/#organization"},"potentialAction":[{"@type":"SearchAction","target":{"@type":"EntryPoint","urlTemplate":"https:\/\/smallworldcamper.com\/?s={search_term_string}"},"query-input":{"@type":"PropertyValueSpecification","valueRequired":true,"valueName":"search_term_string"}}],"inLanguage":"pl-PL"},{"@type":"Organization","@id":"https:\/\/smallworldcamper.com\/#organization","name":"Small World Camper","url":"https:\/\/smallworldcamper.com\/","logo":{"@type":"ImageObject","inLanguage":"pl-PL","@id":"https:\/\/smallworldcamper.com\/#\/schema\/logo\/image\/","url":"https:\/\/smallworldcamper.com\/wp-content\/uploads\/2025\/08\/cropped-Logo_SWC-KOLOR4-01-scaled-1.png","contentUrl":"https:\/\/smallworldcamper.com\/wp-content\/uploads\/2025\/08\/cropped-Logo_SWC-KOLOR4-01-scaled-1.png","width":250,"height":250,"caption":"Small World Camper"},"image":{"@id":"https:\/\/smallworldcamper.com\/#\/schema\/logo\/image\/"},"sameAs":["https:\/\/www.facebook.com\/small.world.camper\/","https:\/\/www.instagram.com\/small_world_camper\/"]}]}},"jetpack_sharing_enabled":true,"_links":{"self":[{"href":"https:\/\/smallworldcamper.com\/index.php?rest_route=\/wp\/v2\/pages\/12","targetHints":{"allow":["GET"]}}],"collection":[{"href":"https:\/\/smallworldcamper.com\/index.php?rest_route=\/wp\/v2\/pages"}],"about":[{"href":"https:\/\/smallworldcamper.com\/index.php?rest_route=\/wp\/v2\/types\/page"}],"author":[{"embeddable":true,"href":"https:\/\/smallworldcamper.com\/index.php?rest_route=\/wp\/v2\/users\/1"}],"replies":[{"embeddable":true,"href":"https:\/\/smallworldcamper.com\/index.php?rest_route=%2Fwp%2Fv2%2Fcomments&post=12"}],"version-history":[{"count":16,"href":"https:\/\/smallworldcamper.com\/index.php?rest_route=\/wp\/v2\/pages\/12\/revisions"}],"predecessor-version":[{"id":495,"href":"https:\/\/smallworldcamper.com\/index.php?rest_route=\/wp\/v2\/pages\/12\/revisions\/495"}],"wp:featuredmedia":[{"embeddable":true,"href":"https:\/\/smallworldcamper.com\/index.php?rest_route=\/wp\/v2\/media\/56"}],"wp:attachment":[{"href":"https:\/\/smallworldcamper.com\/index.php?rest_route=%2Fwp%2Fv2%2Fmedia&parent=12"}],"curies":[{"name":"wp","href":"https:\/\/api.w.org\/{rel}","templated":true}]}}