{"id":14,"date":"2024-09-08T23:13:33","date_gmt":"2024-09-08T21:13:33","guid":{"rendered":"http:\/\/smallworldcamper.com\/?page_id=14"},"modified":"2025-12-02T16:08:28","modified_gmt":"2025-12-02T15:08:28","slug":"kontakt","status":"publish","type":"page","link":"https:\/\/smallworldcamper.com\/?page_id=14","title":{"rendered":"Kontakt"},"content":{"rendered":"\n<p>Cieszymy si\u0119, \u017ce tu jeste\u015b! Je\u015bli chcesz si\u0119 z nami skontaktowa\u0107, porozmawia\u0107 o naszych podr\u00f3\u017cach, r\u0119kodziele lub po prostu podzieli\u0107 si\u0119 dobr\u0105 energi\u0105 napisz do nas!<\/p>\n<p><a href=\"mailto:kontakt@smallworldcamper.com\">kontakt@smallworldcamper.com<\/a><\/p>\n<p>Jeste\u015bmy otwarci na nowe znajomo\u015bci, wsp\u00f3\u0142prace i ka\u017cde pytanie. Razem tworzymy przestrze\u0144 pe\u0142n\u0105 wsparcia, zrozumienia i pasji. Mo\u017cesz uczestniczy\u0107 z nami w &#8222;podr\u00f3\u017cy przez \u017cycie&#8221; wspieraj\u0105c nas:<\/p>\n<p><a href=\"https:\/\/patronite.pl\/SWC\">Platforma Patronite<\/a>\u00a0<\/p>\n<p><a href=\"https:\/\/buycoffee.to\/smallworldcamper\">Platforma buycoffee.to<\/a>\u00a0<\/p>\n<p>Mo\u017cesz do nas napisa\u0107 maila, zadzwoni\u0107 lub po prostu wys\u0142a\u0107 kr\u00f3tk\u0105 wiadomo\u015b\u0107. Ch\u0119tnie us\u0142yszymy, co Ci\u0119 inspiruje i jak mo\u017cemy wsp\u00f3lnie i\u015b\u0107 dalej.<\/p>\n<p>Wszystkie wiadomo\u015bci czytamy z sercem i odpowiadamy najszybciej, jak potrafimy.<\/p>\n<p>Zapraszamy te\u017c do \u015bledzenia naszych podr\u00f3\u017cy i nowo\u015bci na mediach spo\u0142eczno\u015bciowych- razem jeste\u015bmy silniejsi!<\/p>\n<p><a href=\"https:\/\/www.instagram.com\/small_world_camper\/\">Instagram<\/a><\/p>\n<p><a href=\"https:\/\/www.facebook.com\/profile.php?id=61579423003823\">Facebook<\/a><\/p>\n<p>\u00a0<\/p>\n","protected":false},"excerpt":{"rendered":"<p>Cieszymy si\u0119, \u017ce tu jeste\u015b! Je\u015bli chcesz si\u0119 z nami skontaktowa\u0107, porozmawia\u0107 o naszych podr\u00f3\u017cach, r\u0119kodziele lub po prostu podzieli\u0107 si\u0119 dobr\u0105 energi\u0105 napisz do nas! kontakt@smallworldcamper.com Jeste\u015bmy otwarci na nowe znajomo\u015bci, wsp\u00f3\u0142prace i ka\u017cde pytanie. Razem tworzymy przestrze\u0144 pe\u0142n\u0105 wsparcia, zrozumienia i pasji. Mo\u017cesz uczestniczy\u0107 z nami w &#8222;podr\u00f3\u017cy przez \u017cycie&#8221; wspieraj\u0105c nas: Platforma &hellip; <\/p>\n<p class=\"link-more\"><a href=\"https:\/\/smallworldcamper.com\/?page_id=14\" class=\"more-link\">Czytaj dalej<span class=\"screen-reader-text\"> \u201eKontakt\u201d<\/span><\/a><\/p>\n","protected":false},"author":1,"featured_media":61,"parent":0,"menu_order":0,"comment_status":"closed","ping_status":"closed","template":"","meta":{"footnotes":""},"class_list":["post-14","page","type-page","status-publish","has-post-thumbnail","hentry"],"yoast_head":"<!-- This site is optimized with the Yoast SEO plugin v23.4 - https:\/\/yoast.com\/wordpress\/plugins\/seo\/ -->\n<title>Kontakt - Small World Camper<\/title>\n<meta name=\"robots\" content=\"index, follow, max-snippet:-1, max-image-preview:large, max-video-preview:-1\" \/>\n<link rel=\"canonical\" href=\"https:\/\/smallworldcamper.com\/?page_id=14\" \/>\n<meta property=\"og:locale\" content=\"pl_PL\" \/>\n<meta property=\"og:type\" content=\"article\" \/>\n<meta property=\"og:title\" content=\"Kontakt - Small World Camper\" \/>\n<meta property=\"og:description\" content=\"Cieszymy si\u0119, \u017ce tu jeste\u015b! Je\u015bli chcesz si\u0119 z nami skontaktowa\u0107, porozmawia\u0107 o naszych podr\u00f3\u017cach, r\u0119kodziele lub po prostu podzieli\u0107 si\u0119 dobr\u0105 energi\u0105 napisz do nas! kontakt@smallworldcamper.com Jeste\u015bmy otwarci na nowe znajomo\u015bci, wsp\u00f3\u0142prace i ka\u017cde pytanie. Razem tworzymy przestrze\u0144 pe\u0142n\u0105 wsparcia, zrozumienia i pasji. Mo\u017cesz uczestniczy\u0107 z nami w &#8222;podr\u00f3\u017cy przez \u017cycie&#8221; wspieraj\u0105c nas: Platforma &hellip; Czytaj dalej \u201eKontakt\u201d\" \/>\n<meta property=\"og:url\" content=\"https:\/\/smallworldcamper.com\/?page_id=14\" \/>\n<meta property=\"og:site_name\" content=\"Small World Camper\" \/>\n<meta property=\"article:publisher\" content=\"https:\/\/www.facebook.com\/small.world.camper\/\" \/>\n<meta property=\"article:modified_time\" content=\"2025-12-02T15:08:28+00:00\" \/>\n<meta property=\"og:image\" content=\"https:\/\/smallworldcamper.com\/wp-content\/uploads\/2024\/11\/unnamed-6-scaled.jpg\" \/>\n\t<meta property=\"og:image:width\" content=\"1920\" \/>\n\t<meta property=\"og:image:height\" content=\"2560\" \/>\n\t<meta property=\"og:image:type\" content=\"image\/jpeg\" \/>\n<meta name=\"twitter:card\" content=\"summary_large_image\" \/>\n<meta name=\"twitter:label1\" content=\"Szacowany czas czytania\" \/>\n\t<meta name=\"twitter:data1\" content=\"1 minuta\" \/>\n<script type=\"application\/ld+json\" class=\"yoast-schema-graph\">{\"@context\":\"https:\/\/schema.org\",\"@graph\":[{\"@type\":\"WebPage\",\"@id\":\"https:\/\/smallworldcamper.com\/?page_id=14\",\"url\":\"https:\/\/smallworldcamper.com\/?page_id=14\",\"name\":\"Kontakt - Small World Camper\",\"isPartOf\":{\"@id\":\"https:\/\/smallworldcamper.com\/#website\"},\"primaryImageOfPage\":{\"@id\":\"https:\/\/smallworldcamper.com\/?page_id=14#primaryimage\"},\"image\":{\"@id\":\"https:\/\/smallworldcamper.com\/?page_id=14#primaryimage\"},\"thumbnailUrl\":\"https:\/\/smallworldcamper.com\/wp-content\/uploads\/2024\/11\/unnamed-6-scaled.jpg\",\"datePublished\":\"2024-09-08T21:13:33+00:00\",\"dateModified\":\"2025-12-02T15:08:28+00:00\",\"breadcrumb\":{\"@id\":\"https:\/\/smallworldcamper.com\/?page_id=14#breadcrumb\"},\"inLanguage\":\"pl-PL\",\"potentialAction\":[{\"@type\":\"ReadAction\",\"target\":[\"https:\/\/smallworldcamper.com\/?page_id=14\"]}]},{\"@type\":\"ImageObject\",\"inLanguage\":\"pl-PL\",\"@id\":\"https:\/\/smallworldcamper.com\/?page_id=14#primaryimage\",\"url\":\"https:\/\/smallworldcamper.com\/wp-content\/uploads\/2024\/11\/unnamed-6-scaled.jpg\",\"contentUrl\":\"https:\/\/smallworldcamper.com\/wp-content\/uploads\/2024\/11\/unnamed-6-scaled.jpg\",\"width\":1920,\"height\":2560},{\"@type\":\"BreadcrumbList\",\"@id\":\"https:\/\/smallworldcamper.com\/?page_id=14#breadcrumb\",\"itemListElement\":[{\"@type\":\"ListItem\",\"position\":1,\"name\":\"Home\",\"item\":\"https:\/\/smallworldcamper.com\/\"},{\"@type\":\"ListItem\",\"position\":2,\"name\":\"Kontakt\"}]},{\"@type\":\"WebSite\",\"@id\":\"https:\/\/smallworldcamper.com\/#website\",\"url\":\"https:\/\/smallworldcamper.com\/\",\"name\":\"Small World Camper\",\"description\":\"\u017by\u0107 tak naprawd\u0119 !\",\"publisher\":{\"@id\":\"https:\/\/smallworldcamper.com\/#organization\"},\"potentialAction\":[{\"@type\":\"SearchAction\",\"target\":{\"@type\":\"EntryPoint\",\"urlTemplate\":\"https:\/\/smallworldcamper.com\/?s={search_term_string}\"},\"query-input\":{\"@type\":\"PropertyValueSpecification\",\"valueRequired\":true,\"valueName\":\"search_term_string\"}}],\"inLanguage\":\"pl-PL\"},{\"@type\":\"Organization\",\"@id\":\"https:\/\/smallworldcamper.com\/#organization\",\"name\":\"Small World Camper\",\"url\":\"https:\/\/smallworldcamper.com\/\",\"logo\":{\"@type\":\"ImageObject\",\"inLanguage\":\"pl-PL\",\"@id\":\"https:\/\/smallworldcamper.com\/#\/schema\/logo\/image\/\",\"url\":\"https:\/\/smallworldcamper.com\/wp-content\/uploads\/2025\/08\/cropped-Logo_SWC-KOLOR4-01-scaled-1.png\",\"contentUrl\":\"https:\/\/smallworldcamper.com\/wp-content\/uploads\/2025\/08\/cropped-Logo_SWC-KOLOR4-01-scaled-1.png\",\"width\":250,\"height\":250,\"caption\":\"Small World Camper\"},\"image\":{\"@id\":\"https:\/\/smallworldcamper.com\/#\/schema\/logo\/image\/\"},\"sameAs\":[\"https:\/\/www.facebook.com\/small.world.camper\/\",\"https:\/\/www.instagram.com\/small_world_camper\/\"]}]}<\/script>\n<!-- \/ Yoast SEO plugin. -->","yoast_head_json":{"title":"Kontakt - Small World Camper","robots":{"index":"index","follow":"follow","max-snippet":"max-snippet:-1","max-image-preview":"max-image-preview:large","max-video-preview":"max-video-preview:-1"},"canonical":"https:\/\/smallworldcamper.com\/?page_id=14","og_locale":"pl_PL","og_type":"article","og_title":"Kontakt - Small World Camper","og_description":"Cieszymy si\u0119, \u017ce tu jeste\u015b! Je\u015bli chcesz si\u0119 z nami skontaktowa\u0107, porozmawia\u0107 o naszych podr\u00f3\u017cach, r\u0119kodziele lub po prostu podzieli\u0107 si\u0119 dobr\u0105 energi\u0105 napisz do nas! kontakt@smallworldcamper.com Jeste\u015bmy otwarci na nowe znajomo\u015bci, wsp\u00f3\u0142prace i ka\u017cde pytanie. Razem tworzymy przestrze\u0144 pe\u0142n\u0105 wsparcia, zrozumienia i pasji. Mo\u017cesz uczestniczy\u0107 z nami w &#8222;podr\u00f3\u017cy przez \u017cycie&#8221; wspieraj\u0105c nas: Platforma &hellip; Czytaj dalej \u201eKontakt\u201d","og_url":"https:\/\/smallworldcamper.com\/?page_id=14","og_site_name":"Small World Camper","article_publisher":"https:\/\/www.facebook.com\/small.world.camper\/","article_modified_time":"2025-12-02T15:08:28+00:00","og_image":[{"width":1920,"height":2560,"url":"https:\/\/smallworldcamper.com\/wp-content\/uploads\/2024\/11\/unnamed-6-scaled.jpg","type":"image\/jpeg"}],"twitter_card":"summary_large_image","twitter_misc":{"Szacowany czas czytania":"1 minuta"},"schema":{"@context":"https:\/\/schema.org","@graph":[{"@type":"WebPage","@id":"https:\/\/smallworldcamper.com\/?page_id=14","url":"https:\/\/smallworldcamper.com\/?page_id=14","name":"Kontakt - Small World Camper","isPartOf":{"@id":"https:\/\/smallworldcamper.com\/#website"},"primaryImageOfPage":{"@id":"https:\/\/smallworldcamper.com\/?page_id=14#primaryimage"},"image":{"@id":"https:\/\/smallworldcamper.com\/?page_id=14#primaryimage"},"thumbnailUrl":"https:\/\/smallworldcamper.com\/wp-content\/uploads\/2024\/11\/unnamed-6-scaled.jpg","datePublished":"2024-09-08T21:13:33+00:00","dateModified":"2025-12-02T15:08:28+00:00","breadcrumb":{"@id":"https:\/\/smallworldcamper.com\/?page_id=14#breadcrumb"},"inLanguage":"pl-PL","potentialAction":[{"@type":"ReadAction","target":["https:\/\/smallworldcamper.com\/?page_id=14"]}]},{"@type":"ImageObject","inLanguage":"pl-PL","@id":"https:\/\/smallworldcamper.com\/?page_id=14#primaryimage","url":"https:\/\/smallworldcamper.com\/wp-content\/uploads\/2024\/11\/unnamed-6-scaled.jpg","contentUrl":"https:\/\/smallworldcamper.com\/wp-content\/uploads\/2024\/11\/unnamed-6-scaled.jpg","width":1920,"height":2560},{"@type":"BreadcrumbList","@id":"https:\/\/smallworldcamper.com\/?page_id=14#breadcrumb","itemListElement":[{"@type":"ListItem","position":1,"name":"Home","item":"https:\/\/smallworldcamper.com\/"},{"@type":"ListItem","position":2,"name":"Kontakt"}]},{"@type":"WebSite","@id":"https:\/\/smallworldcamper.com\/#website","url":"https:\/\/smallworldcamper.com\/","name":"Small World Camper","description":"\u017by\u0107 tak naprawd\u0119 !","publisher":{"@id":"https:\/\/smallworldcamper.com\/#organization"},"potentialAction":[{"@type":"SearchAction","target":{"@type":"EntryPoint","urlTemplate":"https:\/\/smallworldcamper.com\/?s={search_term_string}"},"query-input":{"@type":"PropertyValueSpecification","valueRequired":true,"valueName":"search_term_string"}}],"inLanguage":"pl-PL"},{"@type":"Organization","@id":"https:\/\/smallworldcamper.com\/#organization","name":"Small World Camper","url":"https:\/\/smallworldcamper.com\/","logo":{"@type":"ImageObject","inLanguage":"pl-PL","@id":"https:\/\/smallworldcamper.com\/#\/schema\/logo\/image\/","url":"https:\/\/smallworldcamper.com\/wp-content\/uploads\/2025\/08\/cropped-Logo_SWC-KOLOR4-01-scaled-1.png","contentUrl":"https:\/\/smallworldcamper.com\/wp-content\/uploads\/2025\/08\/cropped-Logo_SWC-KOLOR4-01-scaled-1.png","width":250,"height":250,"caption":"Small World Camper"},"image":{"@id":"https:\/\/smallworldcamper.com\/#\/schema\/logo\/image\/"},"sameAs":["https:\/\/www.facebook.com\/small.world.camper\/","https:\/\/www.instagram.com\/small_world_camper\/"]}]}},"jetpack_sharing_enabled":true,"_links":{"self":[{"href":"https:\/\/smallworldcamper.com\/index.php?rest_route=\/wp\/v2\/pages\/14","targetHints":{"allow":["GET"]}}],"collection":[{"href":"https:\/\/smallworldcamper.com\/index.php?rest_route=\/wp\/v2\/pages"}],"about":[{"href":"https:\/\/smallworldcamper.com\/index.php?rest_route=\/wp\/v2\/types\/page"}],"author":[{"embeddable":true,"href":"https:\/\/smallworldcamper.com\/index.php?rest_route=\/wp\/v2\/users\/1"}],"replies":[{"embeddable":true,"href":"https:\/\/smallworldcamper.com\/index.php?rest_route=%2Fwp%2Fv2%2Fcomments&post=14"}],"version-history":[{"count":33,"href":"https:\/\/smallworldcamper.com\/index.php?rest_route=\/wp\/v2\/pages\/14\/revisions"}],"predecessor-version":[{"id":488,"href":"https:\/\/smallworldcamper.com\/index.php?rest_route=\/wp\/v2\/pages\/14\/revisions\/488"}],"wp:featuredmedia":[{"embeddable":true,"href":"https:\/\/smallworldcamper.com\/index.php?rest_route=\/wp\/v2\/media\/61"}],"wp:attachment":[{"href":"https:\/\/smallworldcamper.com\/index.php?rest_route=%2Fwp%2Fv2%2Fmedia&parent=14"}],"curies":[{"name":"wp","href":"https:\/\/api.w.org\/{rel}","templated":true}]}}