{"id":217,"date":"2025-08-01T13:18:54","date_gmt":"2025-08-01T11:18:54","guid":{"rendered":"http:\/\/smallworldcamper.com\/?post_type=product&#038;p=217"},"modified":"2025-11-21T23:00:01","modified_gmt":"2025-11-21T22:00:01","slug":"rytual-oczyszczajacy","status":"publish","type":"product","link":"https:\/\/smallworldcamper.com\/?product=rytual-oczyszczajacy","title":{"rendered":"Rytua\u0142y oczyszczaj\u0105ce &#8211; wszystko co powiniene\u015b wiedzie\u0107 o oczyszczaniu energetycznym"},"content":{"rendered":"<p>Ten ebook to kompendium wiedzy na temat oczyszczania energetycznego.<\/p>\n<p>Najlepszy dzie\u0144 do zrobienia rytua\u0142\u00f3w oczyszczaj\u0105cych to sobota.<br \/>\nW Astrologii jest to dzie\u0144 zwi\u0105zany z Saturnem czyli planet\u0105 introspekcji, ko\u0144czeniem spraw, uwalnianiem si\u0119 od starych wzorc\u00f3w i robieniem<br \/>\nmiejsce na nowe.\u00a0 Saturn uczy nas budowa\u0107 stabilno\u015b\u0107, wprowadza \u0142ad<br \/>\ni porz\u0105dek.<\/p>\n","protected":false},"excerpt":{"rendered":"<p>Ten ebook to kompendium wiedzy na temat oczyszczania energetycznego.<\/p>\n","protected":false},"featured_media":304,"template":"","meta":[],"product_brand":[34],"product_cat":[60],"product_tag":[31,30],"class_list":{"0":"post-217","1":"product","2":"type-product","3":"status-publish","4":"has-post-thumbnail","6":"product_brand-small-world-camper","7":"product_cat-eia","8":"product_tag-planety","9":"product_tag-rytualy","11":"first","12":"instock","13":"featured","14":"downloadable","15":"virtual","16":"taxable","17":"purchasable","18":"product-type-simple"},"yoast_head":"<!-- This site is optimized with the Yoast SEO plugin v23.4 - https:\/\/yoast.com\/wordpress\/plugins\/seo\/ -->\n<title>Rytua\u0142y oczyszczaj\u0105ce - wszystko co powiniene\u015b wiedzie\u0107 o oczyszczaniu energetycznym - Small World Camper<\/title>\n<meta name=\"robots\" content=\"index, follow, max-snippet:-1, max-image-preview:large, max-video-preview:-1\" \/>\n<link rel=\"canonical\" href=\"https:\/\/smallworldcamper.com\/?product=rytual-oczyszczajacy\" \/>\n<meta property=\"og:locale\" content=\"pl_PL\" \/>\n<meta property=\"og:type\" content=\"article\" \/>\n<meta property=\"og:title\" content=\"Rytua\u0142y oczyszczaj\u0105ce - wszystko co powiniene\u015b wiedzie\u0107 o oczyszczaniu energetycznym - Small World Camper\" \/>\n<meta property=\"og:description\" content=\"Ten ebook to kompendium wiedzy na temat oczyszczania energetycznego.\" \/>\n<meta property=\"og:url\" content=\"https:\/\/smallworldcamper.com\/?product=rytual-oczyszczajacy\" \/>\n<meta property=\"og:site_name\" content=\"Small World Camper\" \/>\n<meta property=\"article:publisher\" content=\"https:\/\/www.facebook.com\/small.world.camper\/\" \/>\n<meta property=\"article:modified_time\" content=\"2025-11-21T22:00:01+00:00\" \/>\n<meta property=\"og:image\" content=\"https:\/\/smallworldcamper.com\/wp-content\/uploads\/2025\/08\/Rytualy-okladka-polska-2-.png\" \/>\n\t<meta property=\"og:image:width\" content=\"390\" \/>\n\t<meta property=\"og:image:height\" content=\"632\" \/>\n\t<meta property=\"og:image:type\" content=\"image\/png\" \/>\n<meta name=\"twitter:card\" content=\"summary_large_image\" \/>\n<meta name=\"twitter:label1\" content=\"Szacowany czas czytania\" \/>\n\t<meta name=\"twitter:data1\" content=\"1 minuta\" \/>\n<script type=\"application\/ld+json\" class=\"yoast-schema-graph\">{\"@context\":\"https:\/\/schema.org\",\"@graph\":[{\"@type\":\"WebPage\",\"@id\":\"https:\/\/smallworldcamper.com\/?product=rytual-oczyszczajacy\",\"url\":\"https:\/\/smallworldcamper.com\/?product=rytual-oczyszczajacy\",\"name\":\"Rytua\u0142y oczyszczaj\u0105ce - wszystko co powiniene\u015b wiedzie\u0107 o oczyszczaniu energetycznym - Small World Camper\",\"isPartOf\":{\"@id\":\"https:\/\/smallworldcamper.com\/#website\"},\"primaryImageOfPage\":{\"@id\":\"https:\/\/smallworldcamper.com\/?product=rytual-oczyszczajacy#primaryimage\"},\"image\":{\"@id\":\"https:\/\/smallworldcamper.com\/?product=rytual-oczyszczajacy#primaryimage\"},\"thumbnailUrl\":\"https:\/\/smallworldcamper.com\/wp-content\/uploads\/2025\/08\/Rytualy-okladka-polska-2-.png\",\"datePublished\":\"2025-08-01T11:18:54+00:00\",\"dateModified\":\"2025-11-21T22:00:01+00:00\",\"breadcrumb\":{\"@id\":\"https:\/\/smallworldcamper.com\/?product=rytual-oczyszczajacy#breadcrumb\"},\"inLanguage\":\"pl-PL\",\"potentialAction\":[{\"@type\":\"ReadAction\",\"target\":[\"https:\/\/smallworldcamper.com\/?product=rytual-oczyszczajacy\"]}]},{\"@type\":\"ImageObject\",\"inLanguage\":\"pl-PL\",\"@id\":\"https:\/\/smallworldcamper.com\/?product=rytual-oczyszczajacy#primaryimage\",\"url\":\"https:\/\/smallworldcamper.com\/wp-content\/uploads\/2025\/08\/Rytualy-okladka-polska-2-.png\",\"contentUrl\":\"https:\/\/smallworldcamper.com\/wp-content\/uploads\/2025\/08\/Rytualy-okladka-polska-2-.png\",\"width\":390,\"height\":632},{\"@type\":\"BreadcrumbList\",\"@id\":\"https:\/\/smallworldcamper.com\/?product=rytual-oczyszczajacy#breadcrumb\",\"itemListElement\":[{\"@type\":\"ListItem\",\"position\":1,\"name\":\"Home\",\"item\":\"https:\/\/smallworldcamper.com\/\"},{\"@type\":\"ListItem\",\"position\":2,\"name\":\"Sklep\",\"item\":\"https:\/\/smallworldcamper.com\/?page_id=92\"},{\"@type\":\"ListItem\",\"position\":3,\"name\":\"Rytua\u0142y oczyszczaj\u0105ce &#8211; wszystko co powiniene\u015b wiedzie\u0107 o oczyszczaniu energetycznym\"}]},{\"@type\":\"WebSite\",\"@id\":\"https:\/\/smallworldcamper.com\/#website\",\"url\":\"https:\/\/smallworldcamper.com\/\",\"name\":\"Small World Camper\",\"description\":\"\u017by\u0107 tak naprawd\u0119 !\",\"publisher\":{\"@id\":\"https:\/\/smallworldcamper.com\/#organization\"},\"potentialAction\":[{\"@type\":\"SearchAction\",\"target\":{\"@type\":\"EntryPoint\",\"urlTemplate\":\"https:\/\/smallworldcamper.com\/?s={search_term_string}\"},\"query-input\":{\"@type\":\"PropertyValueSpecification\",\"valueRequired\":true,\"valueName\":\"search_term_string\"}}],\"inLanguage\":\"pl-PL\"},{\"@type\":\"Organization\",\"@id\":\"https:\/\/smallworldcamper.com\/#organization\",\"name\":\"Small World Camper\",\"url\":\"https:\/\/smallworldcamper.com\/\",\"logo\":{\"@type\":\"ImageObject\",\"inLanguage\":\"pl-PL\",\"@id\":\"https:\/\/smallworldcamper.com\/#\/schema\/logo\/image\/\",\"url\":\"https:\/\/smallworldcamper.com\/wp-content\/uploads\/2025\/08\/cropped-Logo_SWC-KOLOR4-01-scaled-1.png\",\"contentUrl\":\"https:\/\/smallworldcamper.com\/wp-content\/uploads\/2025\/08\/cropped-Logo_SWC-KOLOR4-01-scaled-1.png\",\"width\":250,\"height\":250,\"caption\":\"Small World Camper\"},\"image\":{\"@id\":\"https:\/\/smallworldcamper.com\/#\/schema\/logo\/image\/\"},\"sameAs\":[\"https:\/\/www.facebook.com\/small.world.camper\/\",\"https:\/\/www.instagram.com\/small_world_camper\/\"]}]}<\/script>\n<!-- \/ Yoast SEO plugin. -->","yoast_head_json":{"title":"Rytua\u0142y oczyszczaj\u0105ce - wszystko co powiniene\u015b wiedzie\u0107 o oczyszczaniu energetycznym - Small World Camper","robots":{"index":"index","follow":"follow","max-snippet":"max-snippet:-1","max-image-preview":"max-image-preview:large","max-video-preview":"max-video-preview:-1"},"canonical":"https:\/\/smallworldcamper.com\/?product=rytual-oczyszczajacy","og_locale":"pl_PL","og_type":"article","og_title":"Rytua\u0142y oczyszczaj\u0105ce - wszystko co powiniene\u015b wiedzie\u0107 o oczyszczaniu energetycznym - Small World Camper","og_description":"Ten ebook to kompendium wiedzy na temat oczyszczania energetycznego.","og_url":"https:\/\/smallworldcamper.com\/?product=rytual-oczyszczajacy","og_site_name":"Small World Camper","article_publisher":"https:\/\/www.facebook.com\/small.world.camper\/","article_modified_time":"2025-11-21T22:00:01+00:00","og_image":[{"width":390,"height":632,"url":"https:\/\/smallworldcamper.com\/wp-content\/uploads\/2025\/08\/Rytualy-okladka-polska-2-.png","type":"image\/png"}],"twitter_card":"summary_large_image","twitter_misc":{"Szacowany czas czytania":"1 minuta"},"schema":{"@context":"https:\/\/schema.org","@graph":[{"@type":"WebPage","@id":"https:\/\/smallworldcamper.com\/?product=rytual-oczyszczajacy","url":"https:\/\/smallworldcamper.com\/?product=rytual-oczyszczajacy","name":"Rytua\u0142y oczyszczaj\u0105ce - wszystko co powiniene\u015b wiedzie\u0107 o oczyszczaniu energetycznym - Small World Camper","isPartOf":{"@id":"https:\/\/smallworldcamper.com\/#website"},"primaryImageOfPage":{"@id":"https:\/\/smallworldcamper.com\/?product=rytual-oczyszczajacy#primaryimage"},"image":{"@id":"https:\/\/smallworldcamper.com\/?product=rytual-oczyszczajacy#primaryimage"},"thumbnailUrl":"https:\/\/smallworldcamper.com\/wp-content\/uploads\/2025\/08\/Rytualy-okladka-polska-2-.png","datePublished":"2025-08-01T11:18:54+00:00","dateModified":"2025-11-21T22:00:01+00:00","breadcrumb":{"@id":"https:\/\/smallworldcamper.com\/?product=rytual-oczyszczajacy#breadcrumb"},"inLanguage":"pl-PL","potentialAction":[{"@type":"ReadAction","target":["https:\/\/smallworldcamper.com\/?product=rytual-oczyszczajacy"]}]},{"@type":"ImageObject","inLanguage":"pl-PL","@id":"https:\/\/smallworldcamper.com\/?product=rytual-oczyszczajacy#primaryimage","url":"https:\/\/smallworldcamper.com\/wp-content\/uploads\/2025\/08\/Rytualy-okladka-polska-2-.png","contentUrl":"https:\/\/smallworldcamper.com\/wp-content\/uploads\/2025\/08\/Rytualy-okladka-polska-2-.png","width":390,"height":632},{"@type":"BreadcrumbList","@id":"https:\/\/smallworldcamper.com\/?product=rytual-oczyszczajacy#breadcrumb","itemListElement":[{"@type":"ListItem","position":1,"name":"Home","item":"https:\/\/smallworldcamper.com\/"},{"@type":"ListItem","position":2,"name":"Sklep","item":"https:\/\/smallworldcamper.com\/?page_id=92"},{"@type":"ListItem","position":3,"name":"Rytua\u0142y oczyszczaj\u0105ce &#8211; wszystko co powiniene\u015b wiedzie\u0107 o oczyszczaniu energetycznym"}]},{"@type":"WebSite","@id":"https:\/\/smallworldcamper.com\/#website","url":"https:\/\/smallworldcamper.com\/","name":"Small World Camper","description":"\u017by\u0107 tak naprawd\u0119 !","publisher":{"@id":"https:\/\/smallworldcamper.com\/#organization"},"potentialAction":[{"@type":"SearchAction","target":{"@type":"EntryPoint","urlTemplate":"https:\/\/smallworldcamper.com\/?s={search_term_string}"},"query-input":{"@type":"PropertyValueSpecification","valueRequired":true,"valueName":"search_term_string"}}],"inLanguage":"pl-PL"},{"@type":"Organization","@id":"https:\/\/smallworldcamper.com\/#organization","name":"Small World Camper","url":"https:\/\/smallworldcamper.com\/","logo":{"@type":"ImageObject","inLanguage":"pl-PL","@id":"https:\/\/smallworldcamper.com\/#\/schema\/logo\/image\/","url":"https:\/\/smallworldcamper.com\/wp-content\/uploads\/2025\/08\/cropped-Logo_SWC-KOLOR4-01-scaled-1.png","contentUrl":"https:\/\/smallworldcamper.com\/wp-content\/uploads\/2025\/08\/cropped-Logo_SWC-KOLOR4-01-scaled-1.png","width":250,"height":250,"caption":"Small World Camper"},"image":{"@id":"https:\/\/smallworldcamper.com\/#\/schema\/logo\/image\/"},"sameAs":["https:\/\/www.facebook.com\/small.world.camper\/","https:\/\/www.instagram.com\/small_world_camper\/"]}]}},"jetpack_sharing_enabled":true,"_links":{"self":[{"href":"https:\/\/smallworldcamper.com\/index.php?rest_route=\/wp\/v2\/product\/217","targetHints":{"allow":["GET"]}}],"collection":[{"href":"https:\/\/smallworldcamper.com\/index.php?rest_route=\/wp\/v2\/product"}],"about":[{"href":"https:\/\/smallworldcamper.com\/index.php?rest_route=\/wp\/v2\/types\/product"}],"wp:featuredmedia":[{"embeddable":true,"href":"https:\/\/smallworldcamper.com\/index.php?rest_route=\/wp\/v2\/media\/304"}],"wp:attachment":[{"href":"https:\/\/smallworldcamper.com\/index.php?rest_route=%2Fwp%2Fv2%2Fmedia&parent=217"}],"wp:term":[{"taxonomy":"product_brand","embeddable":true,"href":"https:\/\/smallworldcamper.com\/index.php?rest_route=%2Fwp%2Fv2%2Fproduct_brand&post=217"},{"taxonomy":"product_cat","embeddable":true,"href":"https:\/\/smallworldcamper.com\/index.php?rest_route=%2Fwp%2Fv2%2Fproduct_cat&post=217"},{"taxonomy":"product_tag","embeddable":true,"href":"https:\/\/smallworldcamper.com\/index.php?rest_route=%2Fwp%2Fv2%2Fproduct_tag&post=217"}],"curies":[{"name":"wp","href":"https:\/\/api.w.org\/{rel}","templated":true}]}}