{"id":259,"date":"2025-08-08T12:18:48","date_gmt":"2025-08-08T10:18:48","guid":{"rendered":"http:\/\/smallworldcamper.com\/?post_type=product&#038;p=259"},"modified":"2025-09-04T18:21:35","modified_gmt":"2025-09-04T16:21:35","slug":"ekologiczna-swieca-sojowa-z-ziolami-brazowe-szklo","status":"publish","type":"product","link":"https:\/\/smallworldcamper.com\/?product=ekologiczna-swieca-sojowa-z-ziolami-brazowe-szklo","title":{"rendered":"Ekologiczna \u015bwieca sojowa z zio\u0142ami &#8211; br\u0105zowe szk\u0142o"},"content":{"rendered":"<p>\u015awieca sojowa z zio\u0142ami z pola i drewnianym knotem.<\/p>\n<p>R\u0119cznie tworzona \u015bwieca z naturalnego, ekologicznego wosku sojowego, wzbogacona zio\u0142ami zbieranymi prosto z \u0142\u0105ki \u2014 w zgodzie z rytmem natury. Ka\u017cda \u015bwieca to unikalna kompozycja zapach\u00f3w i energii, zamkni\u0119ta w szkle z trosk\u0105 i uwa\u017cno\u015bci\u0105.<\/p>\n<p>Drewniany knot nie tylko pi\u0119knie skwierczy podczas palenia, jak miniaturowy kominek, ale tak\u017ce pozwala \u015bwiecy pali\u0107 si\u0119 r\u00f3wno i d\u0142ugo, otulaj\u0105c przestrze\u0144 delikatnym \u015bwiat\u0142em i koj\u0105cym aromatem.<\/p>\n<p>To wi\u0119cej ni\u017c \u015bwieca \u2014 to zaproszenie do zatrzymania si\u0119, zanurzenia w spokoju i blisko\u015bci z natur\u0105. Idealna do medytacji, rytua\u0142\u00f3w, wieczornego relaksu lub jako magiczny podarunek dla kogo\u015b bliskiego.<\/p>\n","protected":false},"excerpt":{"rendered":"<p>\u015awieca sojowa z zio\u0142ami z pola i drewnianym knotem. W br\u0105zowym szkle. R\u0119cznie tworzone.<\/p>\n","protected":false},"featured_media":260,"template":"","meta":[],"product_brand":[34],"product_cat":[56],"product_tag":[35,36],"class_list":{"0":"post-259","1":"product","2":"type-product","3":"status-publish","4":"has-post-thumbnail","6":"product_brand-small-world-camper","7":"product_cat-ss","8":"product_tag-ekologiczna-swieca","9":"product_tag-swieca-sojowa","11":"first","12":"instock","13":"featured","14":"taxable","15":"shipping-taxable","16":"purchasable","17":"product-type-simple"},"yoast_head":"<!-- This site is optimized with the Yoast SEO plugin v23.4 - https:\/\/yoast.com\/wordpress\/plugins\/seo\/ -->\n<title>Ekologiczna \u015bwieca sojowa z zio\u0142ami - br\u0105zowe szk\u0142o - Small World Camper<\/title>\n<meta name=\"robots\" content=\"index, follow, max-snippet:-1, max-image-preview:large, max-video-preview:-1\" \/>\n<link rel=\"canonical\" href=\"https:\/\/smallworldcamper.com\/?product=ekologiczna-swieca-sojowa-z-ziolami-brazowe-szklo\" \/>\n<meta property=\"og:locale\" content=\"pl_PL\" \/>\n<meta property=\"og:type\" content=\"article\" \/>\n<meta property=\"og:title\" content=\"Ekologiczna \u015bwieca sojowa z zio\u0142ami - br\u0105zowe szk\u0142o - Small World Camper\" \/>\n<meta property=\"og:description\" content=\"\u015awieca sojowa z zio\u0142ami z pola i drewnianym knotem. W br\u0105zowym szkle. R\u0119cznie tworzone.\" \/>\n<meta property=\"og:url\" content=\"https:\/\/smallworldcamper.com\/?product=ekologiczna-swieca-sojowa-z-ziolami-brazowe-szklo\" \/>\n<meta property=\"og:site_name\" content=\"Small World Camper\" \/>\n<meta property=\"article:publisher\" content=\"https:\/\/www.facebook.com\/small.world.camper\/\" \/>\n<meta property=\"article:modified_time\" content=\"2025-09-04T16:21:35+00:00\" \/>\n<meta property=\"og:image\" content=\"https:\/\/smallworldcamper.com\/wp-content\/uploads\/2025\/08\/Swieca_braz_120g-1.jpg\" \/>\n\t<meta property=\"og:image:width\" content=\"1512\" \/>\n\t<meta property=\"og:image:height\" content=\"2016\" \/>\n\t<meta property=\"og:image:type\" content=\"image\/jpeg\" \/>\n<meta name=\"twitter:card\" content=\"summary_large_image\" \/>\n<meta name=\"twitter:label1\" content=\"Szacowany czas czytania\" \/>\n\t<meta name=\"twitter:data1\" content=\"1 minuta\" \/>\n<script type=\"application\/ld+json\" class=\"yoast-schema-graph\">{\"@context\":\"https:\/\/schema.org\",\"@graph\":[{\"@type\":\"WebPage\",\"@id\":\"https:\/\/smallworldcamper.com\/?product=ekologiczna-swieca-sojowa-z-ziolami-brazowe-szklo\",\"url\":\"https:\/\/smallworldcamper.com\/?product=ekologiczna-swieca-sojowa-z-ziolami-brazowe-szklo\",\"name\":\"Ekologiczna \u015bwieca sojowa z zio\u0142ami - br\u0105zowe szk\u0142o - Small World Camper\",\"isPartOf\":{\"@id\":\"https:\/\/smallworldcamper.com\/#website\"},\"primaryImageOfPage\":{\"@id\":\"https:\/\/smallworldcamper.com\/?product=ekologiczna-swieca-sojowa-z-ziolami-brazowe-szklo#primaryimage\"},\"image\":{\"@id\":\"https:\/\/smallworldcamper.com\/?product=ekologiczna-swieca-sojowa-z-ziolami-brazowe-szklo#primaryimage\"},\"thumbnailUrl\":\"https:\/\/smallworldcamper.com\/wp-content\/uploads\/2025\/08\/Swieca_braz_120g-1.jpg\",\"datePublished\":\"2025-08-08T10:18:48+00:00\",\"dateModified\":\"2025-09-04T16:21:35+00:00\",\"breadcrumb\":{\"@id\":\"https:\/\/smallworldcamper.com\/?product=ekologiczna-swieca-sojowa-z-ziolami-brazowe-szklo#breadcrumb\"},\"inLanguage\":\"pl-PL\",\"potentialAction\":[{\"@type\":\"ReadAction\",\"target\":[\"https:\/\/smallworldcamper.com\/?product=ekologiczna-swieca-sojowa-z-ziolami-brazowe-szklo\"]}]},{\"@type\":\"ImageObject\",\"inLanguage\":\"pl-PL\",\"@id\":\"https:\/\/smallworldcamper.com\/?product=ekologiczna-swieca-sojowa-z-ziolami-brazowe-szklo#primaryimage\",\"url\":\"https:\/\/smallworldcamper.com\/wp-content\/uploads\/2025\/08\/Swieca_braz_120g-1.jpg\",\"contentUrl\":\"https:\/\/smallworldcamper.com\/wp-content\/uploads\/2025\/08\/Swieca_braz_120g-1.jpg\",\"width\":1512,\"height\":2016},{\"@type\":\"BreadcrumbList\",\"@id\":\"https:\/\/smallworldcamper.com\/?product=ekologiczna-swieca-sojowa-z-ziolami-brazowe-szklo#breadcrumb\",\"itemListElement\":[{\"@type\":\"ListItem\",\"position\":1,\"name\":\"Home\",\"item\":\"https:\/\/smallworldcamper.com\/\"},{\"@type\":\"ListItem\",\"position\":2,\"name\":\"Sklep\",\"item\":\"https:\/\/smallworldcamper.com\/?page_id=92\"},{\"@type\":\"ListItem\",\"position\":3,\"name\":\"Ekologiczna \u015bwieca sojowa z zio\u0142ami &#8211; br\u0105zowe szk\u0142o\"}]},{\"@type\":\"WebSite\",\"@id\":\"https:\/\/smallworldcamper.com\/#website\",\"url\":\"https:\/\/smallworldcamper.com\/\",\"name\":\"Small World Camper\",\"description\":\"\u017by\u0107 tak naprawd\u0119 !\",\"publisher\":{\"@id\":\"https:\/\/smallworldcamper.com\/#organization\"},\"potentialAction\":[{\"@type\":\"SearchAction\",\"target\":{\"@type\":\"EntryPoint\",\"urlTemplate\":\"https:\/\/smallworldcamper.com\/?s={search_term_string}\"},\"query-input\":{\"@type\":\"PropertyValueSpecification\",\"valueRequired\":true,\"valueName\":\"search_term_string\"}}],\"inLanguage\":\"pl-PL\"},{\"@type\":\"Organization\",\"@id\":\"https:\/\/smallworldcamper.com\/#organization\",\"name\":\"Small World Camper\",\"url\":\"https:\/\/smallworldcamper.com\/\",\"logo\":{\"@type\":\"ImageObject\",\"inLanguage\":\"pl-PL\",\"@id\":\"https:\/\/smallworldcamper.com\/#\/schema\/logo\/image\/\",\"url\":\"https:\/\/smallworldcamper.com\/wp-content\/uploads\/2025\/08\/cropped-Logo_SWC-KOLOR4-01-scaled-1.png\",\"contentUrl\":\"https:\/\/smallworldcamper.com\/wp-content\/uploads\/2025\/08\/cropped-Logo_SWC-KOLOR4-01-scaled-1.png\",\"width\":250,\"height\":250,\"caption\":\"Small World Camper\"},\"image\":{\"@id\":\"https:\/\/smallworldcamper.com\/#\/schema\/logo\/image\/\"},\"sameAs\":[\"https:\/\/www.facebook.com\/small.world.camper\/\",\"https:\/\/www.instagram.com\/small_world_camper\/\"]}]}<\/script>\n<!-- \/ Yoast SEO plugin. -->","yoast_head_json":{"title":"Ekologiczna \u015bwieca sojowa z zio\u0142ami - br\u0105zowe szk\u0142o - Small World Camper","robots":{"index":"index","follow":"follow","max-snippet":"max-snippet:-1","max-image-preview":"max-image-preview:large","max-video-preview":"max-video-preview:-1"},"canonical":"https:\/\/smallworldcamper.com\/?product=ekologiczna-swieca-sojowa-z-ziolami-brazowe-szklo","og_locale":"pl_PL","og_type":"article","og_title":"Ekologiczna \u015bwieca sojowa z zio\u0142ami - br\u0105zowe szk\u0142o - Small World Camper","og_description":"\u015awieca sojowa z zio\u0142ami z pola i drewnianym knotem. W br\u0105zowym szkle. R\u0119cznie tworzone.","og_url":"https:\/\/smallworldcamper.com\/?product=ekologiczna-swieca-sojowa-z-ziolami-brazowe-szklo","og_site_name":"Small World Camper","article_publisher":"https:\/\/www.facebook.com\/small.world.camper\/","article_modified_time":"2025-09-04T16:21:35+00:00","og_image":[{"width":1512,"height":2016,"url":"https:\/\/smallworldcamper.com\/wp-content\/uploads\/2025\/08\/Swieca_braz_120g-1.jpg","type":"image\/jpeg"}],"twitter_card":"summary_large_image","twitter_misc":{"Szacowany czas czytania":"1 minuta"},"schema":{"@context":"https:\/\/schema.org","@graph":[{"@type":"WebPage","@id":"https:\/\/smallworldcamper.com\/?product=ekologiczna-swieca-sojowa-z-ziolami-brazowe-szklo","url":"https:\/\/smallworldcamper.com\/?product=ekologiczna-swieca-sojowa-z-ziolami-brazowe-szklo","name":"Ekologiczna \u015bwieca sojowa z zio\u0142ami - br\u0105zowe szk\u0142o - Small World Camper","isPartOf":{"@id":"https:\/\/smallworldcamper.com\/#website"},"primaryImageOfPage":{"@id":"https:\/\/smallworldcamper.com\/?product=ekologiczna-swieca-sojowa-z-ziolami-brazowe-szklo#primaryimage"},"image":{"@id":"https:\/\/smallworldcamper.com\/?product=ekologiczna-swieca-sojowa-z-ziolami-brazowe-szklo#primaryimage"},"thumbnailUrl":"https:\/\/smallworldcamper.com\/wp-content\/uploads\/2025\/08\/Swieca_braz_120g-1.jpg","datePublished":"2025-08-08T10:18:48+00:00","dateModified":"2025-09-04T16:21:35+00:00","breadcrumb":{"@id":"https:\/\/smallworldcamper.com\/?product=ekologiczna-swieca-sojowa-z-ziolami-brazowe-szklo#breadcrumb"},"inLanguage":"pl-PL","potentialAction":[{"@type":"ReadAction","target":["https:\/\/smallworldcamper.com\/?product=ekologiczna-swieca-sojowa-z-ziolami-brazowe-szklo"]}]},{"@type":"ImageObject","inLanguage":"pl-PL","@id":"https:\/\/smallworldcamper.com\/?product=ekologiczna-swieca-sojowa-z-ziolami-brazowe-szklo#primaryimage","url":"https:\/\/smallworldcamper.com\/wp-content\/uploads\/2025\/08\/Swieca_braz_120g-1.jpg","contentUrl":"https:\/\/smallworldcamper.com\/wp-content\/uploads\/2025\/08\/Swieca_braz_120g-1.jpg","width":1512,"height":2016},{"@type":"BreadcrumbList","@id":"https:\/\/smallworldcamper.com\/?product=ekologiczna-swieca-sojowa-z-ziolami-brazowe-szklo#breadcrumb","itemListElement":[{"@type":"ListItem","position":1,"name":"Home","item":"https:\/\/smallworldcamper.com\/"},{"@type":"ListItem","position":2,"name":"Sklep","item":"https:\/\/smallworldcamper.com\/?page_id=92"},{"@type":"ListItem","position":3,"name":"Ekologiczna \u015bwieca sojowa z zio\u0142ami &#8211; br\u0105zowe szk\u0142o"}]},{"@type":"WebSite","@id":"https:\/\/smallworldcamper.com\/#website","url":"https:\/\/smallworldcamper.com\/","name":"Small World Camper","description":"\u017by\u0107 tak naprawd\u0119 !","publisher":{"@id":"https:\/\/smallworldcamper.com\/#organization"},"potentialAction":[{"@type":"SearchAction","target":{"@type":"EntryPoint","urlTemplate":"https:\/\/smallworldcamper.com\/?s={search_term_string}"},"query-input":{"@type":"PropertyValueSpecification","valueRequired":true,"valueName":"search_term_string"}}],"inLanguage":"pl-PL"},{"@type":"Organization","@id":"https:\/\/smallworldcamper.com\/#organization","name":"Small World Camper","url":"https:\/\/smallworldcamper.com\/","logo":{"@type":"ImageObject","inLanguage":"pl-PL","@id":"https:\/\/smallworldcamper.com\/#\/schema\/logo\/image\/","url":"https:\/\/smallworldcamper.com\/wp-content\/uploads\/2025\/08\/cropped-Logo_SWC-KOLOR4-01-scaled-1.png","contentUrl":"https:\/\/smallworldcamper.com\/wp-content\/uploads\/2025\/08\/cropped-Logo_SWC-KOLOR4-01-scaled-1.png","width":250,"height":250,"caption":"Small World Camper"},"image":{"@id":"https:\/\/smallworldcamper.com\/#\/schema\/logo\/image\/"},"sameAs":["https:\/\/www.facebook.com\/small.world.camper\/","https:\/\/www.instagram.com\/small_world_camper\/"]}]}},"jetpack_sharing_enabled":true,"_links":{"self":[{"href":"https:\/\/smallworldcamper.com\/index.php?rest_route=\/wp\/v2\/product\/259","targetHints":{"allow":["GET"]}}],"collection":[{"href":"https:\/\/smallworldcamper.com\/index.php?rest_route=\/wp\/v2\/product"}],"about":[{"href":"https:\/\/smallworldcamper.com\/index.php?rest_route=\/wp\/v2\/types\/product"}],"wp:featuredmedia":[{"embeddable":true,"href":"https:\/\/smallworldcamper.com\/index.php?rest_route=\/wp\/v2\/media\/260"}],"wp:attachment":[{"href":"https:\/\/smallworldcamper.com\/index.php?rest_route=%2Fwp%2Fv2%2Fmedia&parent=259"}],"wp:term":[{"taxonomy":"product_brand","embeddable":true,"href":"https:\/\/smallworldcamper.com\/index.php?rest_route=%2Fwp%2Fv2%2Fproduct_brand&post=259"},{"taxonomy":"product_cat","embeddable":true,"href":"https:\/\/smallworldcamper.com\/index.php?rest_route=%2Fwp%2Fv2%2Fproduct_cat&post=259"},{"taxonomy":"product_tag","embeddable":true,"href":"https:\/\/smallworldcamper.com\/index.php?rest_route=%2Fwp%2Fv2%2Fproduct_tag&post=259"}],"curies":[{"name":"wp","href":"https:\/\/api.w.org\/{rel}","templated":true}]}}