{"id":268,"date":"2025-08-08T20:19:09","date_gmt":"2025-08-08T18:19:09","guid":{"rendered":"http:\/\/smallworldcamper.com\/?post_type=product&#038;p=268"},"modified":"2025-09-04T18:19:35","modified_gmt":"2025-09-04T16:19:35","slug":"mieszanka-tarcza-ochronna-drzewo-herbaciane-lawenda-cytryna-eukaliptus","status":"publish","type":"product","link":"https:\/\/smallworldcamper.com\/?product=mieszanka-tarcza-ochronna-drzewo-herbaciane-lawenda-cytryna-eukaliptus","title":{"rendered":"Mieszanka &#8222;Tarcza ochronna&#8221; \u2013 Drzewo herbaciane, Lawenda, Cytryna, Eukaliptus"},"content":{"rendered":"<p>Stworzona z my\u015bl\u0105 o naturalnym wsparciu odporno\u015bci i oczyszczeniu przestrzeni, mieszanka \u201eTarcza ochronna\u201d to pot\u0119\u017cne po\u0142\u0105czenie czterech olejk\u00f3w eterycznych o w\u0142a\u015bciwo\u015bciach antybakteryjnych, przeciwwirusowych i wzmacniaj\u0105cych.<\/p>\n<p>&nbsp;<\/p>\n<p>Drzewo herbaciane dzia\u0142a silnie oczyszczaj\u0105co i chroni energetycznie.<\/p>\n<p>Lawenda \u0142agodzi napi\u0119cia, wspiera regeneracj\u0119 i r\u00f3wnowag\u0119 emocjonaln\u0105.<\/p>\n<p>Cytryna wnosi \u015bwie\u017co\u015b\u0107, lekko\u015b\u0107 i energetyczn\u0105 czysto\u015b\u0107.<\/p>\n<p>Eukaliptus wspomaga uk\u0142ad oddechowy, przynosi klarowno\u015b\u0107 i ochron\u0119.<\/p>\n<p>&nbsp;<\/p>\n<p>To idealna mieszanka do stosowania w dyfuzorze, do naturalnych spray\u00f3w ochronnych, k\u0105pieli lub jako wsparcie w czasie os\u0142abienia organizmu.<\/p>\n<p>Tw\u00f3rz swoj\u0105 codzienn\u0105 tarcz\u0119 \u2013 z zapachem, kt\u00f3ry oczyszcza, wzmacnia i chroni.<\/p>\n","protected":false},"excerpt":{"rendered":"<p>Mieszanka &#8222;Tarcza ochronna&#8221; sk\u0142adaj\u0105ca si\u0119 z olejk\u00f3w: drzewo herbaciane, lawenda, cytryna, eukaliptus.<\/p>\n","protected":false},"featured_media":272,"template":"","meta":[],"product_brand":[34],"product_cat":[59],"product_tag":[40,38,41,39],"class_list":{"0":"post-268","1":"product","2":"type-product","3":"status-publish","4":"has-post-thumbnail","6":"product_brand-small-world-camper","7":"product_cat-ol","8":"product_tag-cytryna","9":"product_tag-drzewo-herbaciane","10":"product_tag-eukaliptus","11":"product_tag-lawenda","13":"first","14":"instock","15":"taxable","16":"shipping-taxable","17":"purchasable","18":"product-type-simple"},"yoast_head":"<!-- This site is optimized with the Yoast SEO plugin v23.4 - https:\/\/yoast.com\/wordpress\/plugins\/seo\/ -->\n<title>Mieszanka &quot;Tarcza ochronna&quot; \u2013 Drzewo herbaciane, Lawenda, Cytryna, Eukaliptus - Small World Camper<\/title>\n<meta name=\"robots\" content=\"index, follow, max-snippet:-1, max-image-preview:large, max-video-preview:-1\" \/>\n<link rel=\"canonical\" href=\"https:\/\/smallworldcamper.com\/?product=mieszanka-tarcza-ochronna-drzewo-herbaciane-lawenda-cytryna-eukaliptus\" \/>\n<meta property=\"og:locale\" content=\"pl_PL\" \/>\n<meta property=\"og:type\" content=\"article\" \/>\n<meta property=\"og:title\" content=\"Mieszanka &quot;Tarcza ochronna&quot; \u2013 Drzewo herbaciane, Lawenda, Cytryna, Eukaliptus - Small World Camper\" \/>\n<meta property=\"og:description\" content=\"Mieszanka &quot;Tarcza ochronna&quot; sk\u0142adaj\u0105ca si\u0119 z olejk\u00f3w: drzewo herbaciane, lawenda, cytryna, eukaliptus.\" \/>\n<meta property=\"og:url\" content=\"https:\/\/smallworldcamper.com\/?product=mieszanka-tarcza-ochronna-drzewo-herbaciane-lawenda-cytryna-eukaliptus\" \/>\n<meta property=\"og:site_name\" content=\"Small World Camper\" \/>\n<meta property=\"article:publisher\" content=\"https:\/\/www.facebook.com\/small.world.camper\/\" \/>\n<meta property=\"article:modified_time\" content=\"2025-09-04T16:19:35+00:00\" \/>\n<meta property=\"og:image\" content=\"https:\/\/smallworldcamper.com\/wp-content\/uploads\/2025\/08\/Olejek-ochronny_awers-rotated.jpg\" \/>\n\t<meta property=\"og:image:width\" content=\"1512\" \/>\n\t<meta property=\"og:image:height\" content=\"2016\" \/>\n\t<meta property=\"og:image:type\" content=\"image\/jpeg\" \/>\n<meta name=\"twitter:card\" content=\"summary_large_image\" \/>\n<meta name=\"twitter:label1\" content=\"Szacowany czas czytania\" \/>\n\t<meta name=\"twitter:data1\" content=\"1 minuta\" \/>\n<script type=\"application\/ld+json\" class=\"yoast-schema-graph\">{\"@context\":\"https:\/\/schema.org\",\"@graph\":[{\"@type\":\"WebPage\",\"@id\":\"https:\/\/smallworldcamper.com\/?product=mieszanka-tarcza-ochronna-drzewo-herbaciane-lawenda-cytryna-eukaliptus\",\"url\":\"https:\/\/smallworldcamper.com\/?product=mieszanka-tarcza-ochronna-drzewo-herbaciane-lawenda-cytryna-eukaliptus\",\"name\":\"Mieszanka \\\"Tarcza ochronna\\\" \u2013 Drzewo herbaciane, Lawenda, Cytryna, Eukaliptus - Small World Camper\",\"isPartOf\":{\"@id\":\"https:\/\/smallworldcamper.com\/#website\"},\"primaryImageOfPage\":{\"@id\":\"https:\/\/smallworldcamper.com\/?product=mieszanka-tarcza-ochronna-drzewo-herbaciane-lawenda-cytryna-eukaliptus#primaryimage\"},\"image\":{\"@id\":\"https:\/\/smallworldcamper.com\/?product=mieszanka-tarcza-ochronna-drzewo-herbaciane-lawenda-cytryna-eukaliptus#primaryimage\"},\"thumbnailUrl\":\"https:\/\/smallworldcamper.com\/wp-content\/uploads\/2025\/08\/Olejek-ochronny_awers-rotated.jpg\",\"datePublished\":\"2025-08-08T18:19:09+00:00\",\"dateModified\":\"2025-09-04T16:19:35+00:00\",\"breadcrumb\":{\"@id\":\"https:\/\/smallworldcamper.com\/?product=mieszanka-tarcza-ochronna-drzewo-herbaciane-lawenda-cytryna-eukaliptus#breadcrumb\"},\"inLanguage\":\"pl-PL\",\"potentialAction\":[{\"@type\":\"ReadAction\",\"target\":[\"https:\/\/smallworldcamper.com\/?product=mieszanka-tarcza-ochronna-drzewo-herbaciane-lawenda-cytryna-eukaliptus\"]}]},{\"@type\":\"ImageObject\",\"inLanguage\":\"pl-PL\",\"@id\":\"https:\/\/smallworldcamper.com\/?product=mieszanka-tarcza-ochronna-drzewo-herbaciane-lawenda-cytryna-eukaliptus#primaryimage\",\"url\":\"https:\/\/smallworldcamper.com\/wp-content\/uploads\/2025\/08\/Olejek-ochronny_awers-rotated.jpg\",\"contentUrl\":\"https:\/\/smallworldcamper.com\/wp-content\/uploads\/2025\/08\/Olejek-ochronny_awers-rotated.jpg\",\"width\":1512,\"height\":2016},{\"@type\":\"BreadcrumbList\",\"@id\":\"https:\/\/smallworldcamper.com\/?product=mieszanka-tarcza-ochronna-drzewo-herbaciane-lawenda-cytryna-eukaliptus#breadcrumb\",\"itemListElement\":[{\"@type\":\"ListItem\",\"position\":1,\"name\":\"Home\",\"item\":\"https:\/\/smallworldcamper.com\/\"},{\"@type\":\"ListItem\",\"position\":2,\"name\":\"Sklep\",\"item\":\"https:\/\/smallworldcamper.com\/?page_id=92\"},{\"@type\":\"ListItem\",\"position\":3,\"name\":\"Mieszanka &#8222;Tarcza ochronna&#8221; \u2013 Drzewo herbaciane, Lawenda, Cytryna, Eukaliptus\"}]},{\"@type\":\"WebSite\",\"@id\":\"https:\/\/smallworldcamper.com\/#website\",\"url\":\"https:\/\/smallworldcamper.com\/\",\"name\":\"Small World Camper\",\"description\":\"\u017by\u0107 tak naprawd\u0119 !\",\"publisher\":{\"@id\":\"https:\/\/smallworldcamper.com\/#organization\"},\"potentialAction\":[{\"@type\":\"SearchAction\",\"target\":{\"@type\":\"EntryPoint\",\"urlTemplate\":\"https:\/\/smallworldcamper.com\/?s={search_term_string}\"},\"query-input\":{\"@type\":\"PropertyValueSpecification\",\"valueRequired\":true,\"valueName\":\"search_term_string\"}}],\"inLanguage\":\"pl-PL\"},{\"@type\":\"Organization\",\"@id\":\"https:\/\/smallworldcamper.com\/#organization\",\"name\":\"Small World Camper\",\"url\":\"https:\/\/smallworldcamper.com\/\",\"logo\":{\"@type\":\"ImageObject\",\"inLanguage\":\"pl-PL\",\"@id\":\"https:\/\/smallworldcamper.com\/#\/schema\/logo\/image\/\",\"url\":\"https:\/\/smallworldcamper.com\/wp-content\/uploads\/2025\/08\/cropped-Logo_SWC-KOLOR4-01-scaled-1.png\",\"contentUrl\":\"https:\/\/smallworldcamper.com\/wp-content\/uploads\/2025\/08\/cropped-Logo_SWC-KOLOR4-01-scaled-1.png\",\"width\":250,\"height\":250,\"caption\":\"Small World Camper\"},\"image\":{\"@id\":\"https:\/\/smallworldcamper.com\/#\/schema\/logo\/image\/\"},\"sameAs\":[\"https:\/\/www.facebook.com\/small.world.camper\/\",\"https:\/\/www.instagram.com\/small_world_camper\/\"]}]}<\/script>\n<!-- \/ Yoast SEO plugin. -->","yoast_head_json":{"title":"Mieszanka \"Tarcza ochronna\" \u2013 Drzewo herbaciane, Lawenda, Cytryna, Eukaliptus - Small World Camper","robots":{"index":"index","follow":"follow","max-snippet":"max-snippet:-1","max-image-preview":"max-image-preview:large","max-video-preview":"max-video-preview:-1"},"canonical":"https:\/\/smallworldcamper.com\/?product=mieszanka-tarcza-ochronna-drzewo-herbaciane-lawenda-cytryna-eukaliptus","og_locale":"pl_PL","og_type":"article","og_title":"Mieszanka \"Tarcza ochronna\" \u2013 Drzewo herbaciane, Lawenda, Cytryna, Eukaliptus - Small World Camper","og_description":"Mieszanka \"Tarcza ochronna\" sk\u0142adaj\u0105ca si\u0119 z olejk\u00f3w: drzewo herbaciane, lawenda, cytryna, eukaliptus.","og_url":"https:\/\/smallworldcamper.com\/?product=mieszanka-tarcza-ochronna-drzewo-herbaciane-lawenda-cytryna-eukaliptus","og_site_name":"Small World Camper","article_publisher":"https:\/\/www.facebook.com\/small.world.camper\/","article_modified_time":"2025-09-04T16:19:35+00:00","og_image":[{"width":1512,"height":2016,"url":"https:\/\/smallworldcamper.com\/wp-content\/uploads\/2025\/08\/Olejek-ochronny_awers-rotated.jpg","type":"image\/jpeg"}],"twitter_card":"summary_large_image","twitter_misc":{"Szacowany czas czytania":"1 minuta"},"schema":{"@context":"https:\/\/schema.org","@graph":[{"@type":"WebPage","@id":"https:\/\/smallworldcamper.com\/?product=mieszanka-tarcza-ochronna-drzewo-herbaciane-lawenda-cytryna-eukaliptus","url":"https:\/\/smallworldcamper.com\/?product=mieszanka-tarcza-ochronna-drzewo-herbaciane-lawenda-cytryna-eukaliptus","name":"Mieszanka \"Tarcza ochronna\" \u2013 Drzewo herbaciane, Lawenda, Cytryna, Eukaliptus - Small World Camper","isPartOf":{"@id":"https:\/\/smallworldcamper.com\/#website"},"primaryImageOfPage":{"@id":"https:\/\/smallworldcamper.com\/?product=mieszanka-tarcza-ochronna-drzewo-herbaciane-lawenda-cytryna-eukaliptus#primaryimage"},"image":{"@id":"https:\/\/smallworldcamper.com\/?product=mieszanka-tarcza-ochronna-drzewo-herbaciane-lawenda-cytryna-eukaliptus#primaryimage"},"thumbnailUrl":"https:\/\/smallworldcamper.com\/wp-content\/uploads\/2025\/08\/Olejek-ochronny_awers-rotated.jpg","datePublished":"2025-08-08T18:19:09+00:00","dateModified":"2025-09-04T16:19:35+00:00","breadcrumb":{"@id":"https:\/\/smallworldcamper.com\/?product=mieszanka-tarcza-ochronna-drzewo-herbaciane-lawenda-cytryna-eukaliptus#breadcrumb"},"inLanguage":"pl-PL","potentialAction":[{"@type":"ReadAction","target":["https:\/\/smallworldcamper.com\/?product=mieszanka-tarcza-ochronna-drzewo-herbaciane-lawenda-cytryna-eukaliptus"]}]},{"@type":"ImageObject","inLanguage":"pl-PL","@id":"https:\/\/smallworldcamper.com\/?product=mieszanka-tarcza-ochronna-drzewo-herbaciane-lawenda-cytryna-eukaliptus#primaryimage","url":"https:\/\/smallworldcamper.com\/wp-content\/uploads\/2025\/08\/Olejek-ochronny_awers-rotated.jpg","contentUrl":"https:\/\/smallworldcamper.com\/wp-content\/uploads\/2025\/08\/Olejek-ochronny_awers-rotated.jpg","width":1512,"height":2016},{"@type":"BreadcrumbList","@id":"https:\/\/smallworldcamper.com\/?product=mieszanka-tarcza-ochronna-drzewo-herbaciane-lawenda-cytryna-eukaliptus#breadcrumb","itemListElement":[{"@type":"ListItem","position":1,"name":"Home","item":"https:\/\/smallworldcamper.com\/"},{"@type":"ListItem","position":2,"name":"Sklep","item":"https:\/\/smallworldcamper.com\/?page_id=92"},{"@type":"ListItem","position":3,"name":"Mieszanka &#8222;Tarcza ochronna&#8221; \u2013 Drzewo herbaciane, Lawenda, Cytryna, Eukaliptus"}]},{"@type":"WebSite","@id":"https:\/\/smallworldcamper.com\/#website","url":"https:\/\/smallworldcamper.com\/","name":"Small World Camper","description":"\u017by\u0107 tak naprawd\u0119 !","publisher":{"@id":"https:\/\/smallworldcamper.com\/#organization"},"potentialAction":[{"@type":"SearchAction","target":{"@type":"EntryPoint","urlTemplate":"https:\/\/smallworldcamper.com\/?s={search_term_string}"},"query-input":{"@type":"PropertyValueSpecification","valueRequired":true,"valueName":"search_term_string"}}],"inLanguage":"pl-PL"},{"@type":"Organization","@id":"https:\/\/smallworldcamper.com\/#organization","name":"Small World Camper","url":"https:\/\/smallworldcamper.com\/","logo":{"@type":"ImageObject","inLanguage":"pl-PL","@id":"https:\/\/smallworldcamper.com\/#\/schema\/logo\/image\/","url":"https:\/\/smallworldcamper.com\/wp-content\/uploads\/2025\/08\/cropped-Logo_SWC-KOLOR4-01-scaled-1.png","contentUrl":"https:\/\/smallworldcamper.com\/wp-content\/uploads\/2025\/08\/cropped-Logo_SWC-KOLOR4-01-scaled-1.png","width":250,"height":250,"caption":"Small World Camper"},"image":{"@id":"https:\/\/smallworldcamper.com\/#\/schema\/logo\/image\/"},"sameAs":["https:\/\/www.facebook.com\/small.world.camper\/","https:\/\/www.instagram.com\/small_world_camper\/"]}]}},"jetpack_sharing_enabled":true,"_links":{"self":[{"href":"https:\/\/smallworldcamper.com\/index.php?rest_route=\/wp\/v2\/product\/268","targetHints":{"allow":["GET"]}}],"collection":[{"href":"https:\/\/smallworldcamper.com\/index.php?rest_route=\/wp\/v2\/product"}],"about":[{"href":"https:\/\/smallworldcamper.com\/index.php?rest_route=\/wp\/v2\/types\/product"}],"wp:featuredmedia":[{"embeddable":true,"href":"https:\/\/smallworldcamper.com\/index.php?rest_route=\/wp\/v2\/media\/272"}],"wp:attachment":[{"href":"https:\/\/smallworldcamper.com\/index.php?rest_route=%2Fwp%2Fv2%2Fmedia&parent=268"}],"wp:term":[{"taxonomy":"product_brand","embeddable":true,"href":"https:\/\/smallworldcamper.com\/index.php?rest_route=%2Fwp%2Fv2%2Fproduct_brand&post=268"},{"taxonomy":"product_cat","embeddable":true,"href":"https:\/\/smallworldcamper.com\/index.php?rest_route=%2Fwp%2Fv2%2Fproduct_cat&post=268"},{"taxonomy":"product_tag","embeddable":true,"href":"https:\/\/smallworldcamper.com\/index.php?rest_route=%2Fwp%2Fv2%2Fproduct_tag&post=268"}],"curies":[{"name":"wp","href":"https:\/\/api.w.org\/{rel}","templated":true}]}}