{"id":319,"date":"2025-09-02T23:17:25","date_gmt":"2025-09-02T21:17:25","guid":{"rendered":"https:\/\/smallworldcamper.com\/?post_type=product&#038;p=319"},"modified":"2025-09-18T18:34:16","modified_gmt":"2025-09-18T16:34:16","slug":"natural-stones-a-spiritual-guide-to-the-energetic-properties-of-stones","status":"publish","type":"product","link":"https:\/\/smallworldcamper.com\/?product=natural-stones-a-spiritual-guide-to-the-energetic-properties-of-stones","title":{"rendered":"Natural stones &#8211; a spiritual guide to the energetic properties of stones"},"content":{"rendered":"<p class=\"cvGsUA direction-ltr align-center para-style-body\"><span class=\"a_GcMg font-feature-liga-off font-feature-clig-off font-feature-calt-off text-decoration-none text-strikethrough-none\">This eBook is a guide to the extraordinary world of stones and their energetic properties.<\/span><\/p>\n<p class=\"cvGsUA direction-ltr align-center para-style-body\"><span class=\"a_GcMg font-feature-liga-off font-feature-clig-off font-feature-calt-off text-decoration-none text-strikethrough-none\">It helps to understand their meaning, action, and how they can support us on an emotional, spiritual, and energetic level.<\/span><\/p>\n","protected":false},"excerpt":{"rendered":"<p><span class=\"a_GcMg font-feature-liga-off font-feature-clig-off font-feature-calt-off text-decoration-none text-strikethrough-none\">Is a guide to the extraordinary world of stones and their energetic properties.<\/span><\/p>\n","protected":false},"featured_media":410,"template":"","meta":[],"product_brand":[34],"product_cat":[60],"product_tag":[61,63,62,64],"class_list":{"0":"post-319","1":"product","2":"type-product","3":"status-publish","4":"has-post-thumbnail","6":"product_brand-small-world-camper","7":"product_cat-eia","8":"product_tag-amethyst","9":"product_tag-rock-crystal","10":"product_tag-rose-quartz","11":"product_tag-striped-flint","13":"first","14":"instock","15":"sale","16":"featured","17":"downloadable","18":"virtual","19":"taxable","20":"purchasable","21":"product-type-simple"},"yoast_head":"<!-- This site is optimized with the Yoast SEO plugin v23.4 - https:\/\/yoast.com\/wordpress\/plugins\/seo\/ -->\n<title>Natural stones - a spiritual guide to the energetic properties of stones - Small World Camper<\/title>\n<meta name=\"robots\" content=\"index, follow, max-snippet:-1, max-image-preview:large, max-video-preview:-1\" \/>\n<link rel=\"canonical\" href=\"https:\/\/smallworldcamper.com\/?product=natural-stones-a-spiritual-guide-to-the-energetic-properties-of-stones\" \/>\n<meta property=\"og:locale\" content=\"pl_PL\" \/>\n<meta property=\"og:type\" content=\"article\" \/>\n<meta property=\"og:title\" content=\"Natural stones - a spiritual guide to the energetic properties of stones - Small World Camper\" \/>\n<meta property=\"og:description\" content=\"Is a guide to the extraordinary world of stones and their energetic properties.\" \/>\n<meta property=\"og:url\" content=\"https:\/\/smallworldcamper.com\/?product=natural-stones-a-spiritual-guide-to-the-energetic-properties-of-stones\" \/>\n<meta property=\"og:site_name\" content=\"Small World Camper\" \/>\n<meta property=\"article:publisher\" content=\"https:\/\/www.facebook.com\/small.world.camper\/\" \/>\n<meta property=\"article:modified_time\" content=\"2025-09-18T16:34:16+00:00\" \/>\n<meta property=\"og:image\" content=\"https:\/\/smallworldcamper.com\/wp-content\/uploads\/2025\/09\/Kamienie-okladka-na-strone-www-po-angielsku-2_only.png\" \/>\n\t<meta property=\"og:image:width\" content=\"512\" \/>\n\t<meta property=\"og:image:height\" content=\"800\" \/>\n\t<meta property=\"og:image:type\" content=\"image\/png\" \/>\n<meta name=\"twitter:card\" content=\"summary_large_image\" \/>\n<meta name=\"twitter:label1\" content=\"Szacowany czas czytania\" \/>\n\t<meta name=\"twitter:data1\" content=\"1 minuta\" \/>\n<script type=\"application\/ld+json\" class=\"yoast-schema-graph\">{\"@context\":\"https:\/\/schema.org\",\"@graph\":[{\"@type\":\"WebPage\",\"@id\":\"https:\/\/smallworldcamper.com\/?product=natural-stones-a-spiritual-guide-to-the-energetic-properties-of-stones\",\"url\":\"https:\/\/smallworldcamper.com\/?product=natural-stones-a-spiritual-guide-to-the-energetic-properties-of-stones\",\"name\":\"Natural stones - a spiritual guide to the energetic properties of stones - Small World Camper\",\"isPartOf\":{\"@id\":\"https:\/\/smallworldcamper.com\/#website\"},\"primaryImageOfPage\":{\"@id\":\"https:\/\/smallworldcamper.com\/?product=natural-stones-a-spiritual-guide-to-the-energetic-properties-of-stones#primaryimage\"},\"image\":{\"@id\":\"https:\/\/smallworldcamper.com\/?product=natural-stones-a-spiritual-guide-to-the-energetic-properties-of-stones#primaryimage\"},\"thumbnailUrl\":\"https:\/\/smallworldcamper.com\/wp-content\/uploads\/2025\/09\/Kamienie-okladka-na-strone-www-po-angielsku-2_only.png\",\"datePublished\":\"2025-09-02T21:17:25+00:00\",\"dateModified\":\"2025-09-18T16:34:16+00:00\",\"breadcrumb\":{\"@id\":\"https:\/\/smallworldcamper.com\/?product=natural-stones-a-spiritual-guide-to-the-energetic-properties-of-stones#breadcrumb\"},\"inLanguage\":\"pl-PL\",\"potentialAction\":[{\"@type\":\"ReadAction\",\"target\":[\"https:\/\/smallworldcamper.com\/?product=natural-stones-a-spiritual-guide-to-the-energetic-properties-of-stones\"]}]},{\"@type\":\"ImageObject\",\"inLanguage\":\"pl-PL\",\"@id\":\"https:\/\/smallworldcamper.com\/?product=natural-stones-a-spiritual-guide-to-the-energetic-properties-of-stones#primaryimage\",\"url\":\"https:\/\/smallworldcamper.com\/wp-content\/uploads\/2025\/09\/Kamienie-okladka-na-strone-www-po-angielsku-2_only.png\",\"contentUrl\":\"https:\/\/smallworldcamper.com\/wp-content\/uploads\/2025\/09\/Kamienie-okladka-na-strone-www-po-angielsku-2_only.png\",\"width\":512,\"height\":800},{\"@type\":\"BreadcrumbList\",\"@id\":\"https:\/\/smallworldcamper.com\/?product=natural-stones-a-spiritual-guide-to-the-energetic-properties-of-stones#breadcrumb\",\"itemListElement\":[{\"@type\":\"ListItem\",\"position\":1,\"name\":\"Home\",\"item\":\"https:\/\/smallworldcamper.com\/\"},{\"@type\":\"ListItem\",\"position\":2,\"name\":\"Sklep\",\"item\":\"https:\/\/smallworldcamper.com\/?page_id=92\"},{\"@type\":\"ListItem\",\"position\":3,\"name\":\"Natural stones &#8211; a spiritual guide to the energetic properties of stones\"}]},{\"@type\":\"WebSite\",\"@id\":\"https:\/\/smallworldcamper.com\/#website\",\"url\":\"https:\/\/smallworldcamper.com\/\",\"name\":\"Small World Camper\",\"description\":\"\u017by\u0107 tak naprawd\u0119 !\",\"publisher\":{\"@id\":\"https:\/\/smallworldcamper.com\/#organization\"},\"potentialAction\":[{\"@type\":\"SearchAction\",\"target\":{\"@type\":\"EntryPoint\",\"urlTemplate\":\"https:\/\/smallworldcamper.com\/?s={search_term_string}\"},\"query-input\":{\"@type\":\"PropertyValueSpecification\",\"valueRequired\":true,\"valueName\":\"search_term_string\"}}],\"inLanguage\":\"pl-PL\"},{\"@type\":\"Organization\",\"@id\":\"https:\/\/smallworldcamper.com\/#organization\",\"name\":\"Small World Camper\",\"url\":\"https:\/\/smallworldcamper.com\/\",\"logo\":{\"@type\":\"ImageObject\",\"inLanguage\":\"pl-PL\",\"@id\":\"https:\/\/smallworldcamper.com\/#\/schema\/logo\/image\/\",\"url\":\"https:\/\/smallworldcamper.com\/wp-content\/uploads\/2025\/08\/cropped-Logo_SWC-KOLOR4-01-scaled-1.png\",\"contentUrl\":\"https:\/\/smallworldcamper.com\/wp-content\/uploads\/2025\/08\/cropped-Logo_SWC-KOLOR4-01-scaled-1.png\",\"width\":250,\"height\":250,\"caption\":\"Small World Camper\"},\"image\":{\"@id\":\"https:\/\/smallworldcamper.com\/#\/schema\/logo\/image\/\"},\"sameAs\":[\"https:\/\/www.facebook.com\/small.world.camper\/\",\"https:\/\/www.instagram.com\/small_world_camper\/\"]}]}<\/script>\n<!-- \/ Yoast SEO plugin. -->","yoast_head_json":{"title":"Natural stones - a spiritual guide to the energetic properties of stones - Small World Camper","robots":{"index":"index","follow":"follow","max-snippet":"max-snippet:-1","max-image-preview":"max-image-preview:large","max-video-preview":"max-video-preview:-1"},"canonical":"https:\/\/smallworldcamper.com\/?product=natural-stones-a-spiritual-guide-to-the-energetic-properties-of-stones","og_locale":"pl_PL","og_type":"article","og_title":"Natural stones - a spiritual guide to the energetic properties of stones - Small World Camper","og_description":"Is a guide to the extraordinary world of stones and their energetic properties.","og_url":"https:\/\/smallworldcamper.com\/?product=natural-stones-a-spiritual-guide-to-the-energetic-properties-of-stones","og_site_name":"Small World Camper","article_publisher":"https:\/\/www.facebook.com\/small.world.camper\/","article_modified_time":"2025-09-18T16:34:16+00:00","og_image":[{"width":512,"height":800,"url":"https:\/\/smallworldcamper.com\/wp-content\/uploads\/2025\/09\/Kamienie-okladka-na-strone-www-po-angielsku-2_only.png","type":"image\/png"}],"twitter_card":"summary_large_image","twitter_misc":{"Szacowany czas czytania":"1 minuta"},"schema":{"@context":"https:\/\/schema.org","@graph":[{"@type":"WebPage","@id":"https:\/\/smallworldcamper.com\/?product=natural-stones-a-spiritual-guide-to-the-energetic-properties-of-stones","url":"https:\/\/smallworldcamper.com\/?product=natural-stones-a-spiritual-guide-to-the-energetic-properties-of-stones","name":"Natural stones - a spiritual guide to the energetic properties of stones - Small World Camper","isPartOf":{"@id":"https:\/\/smallworldcamper.com\/#website"},"primaryImageOfPage":{"@id":"https:\/\/smallworldcamper.com\/?product=natural-stones-a-spiritual-guide-to-the-energetic-properties-of-stones#primaryimage"},"image":{"@id":"https:\/\/smallworldcamper.com\/?product=natural-stones-a-spiritual-guide-to-the-energetic-properties-of-stones#primaryimage"},"thumbnailUrl":"https:\/\/smallworldcamper.com\/wp-content\/uploads\/2025\/09\/Kamienie-okladka-na-strone-www-po-angielsku-2_only.png","datePublished":"2025-09-02T21:17:25+00:00","dateModified":"2025-09-18T16:34:16+00:00","breadcrumb":{"@id":"https:\/\/smallworldcamper.com\/?product=natural-stones-a-spiritual-guide-to-the-energetic-properties-of-stones#breadcrumb"},"inLanguage":"pl-PL","potentialAction":[{"@type":"ReadAction","target":["https:\/\/smallworldcamper.com\/?product=natural-stones-a-spiritual-guide-to-the-energetic-properties-of-stones"]}]},{"@type":"ImageObject","inLanguage":"pl-PL","@id":"https:\/\/smallworldcamper.com\/?product=natural-stones-a-spiritual-guide-to-the-energetic-properties-of-stones#primaryimage","url":"https:\/\/smallworldcamper.com\/wp-content\/uploads\/2025\/09\/Kamienie-okladka-na-strone-www-po-angielsku-2_only.png","contentUrl":"https:\/\/smallworldcamper.com\/wp-content\/uploads\/2025\/09\/Kamienie-okladka-na-strone-www-po-angielsku-2_only.png","width":512,"height":800},{"@type":"BreadcrumbList","@id":"https:\/\/smallworldcamper.com\/?product=natural-stones-a-spiritual-guide-to-the-energetic-properties-of-stones#breadcrumb","itemListElement":[{"@type":"ListItem","position":1,"name":"Home","item":"https:\/\/smallworldcamper.com\/"},{"@type":"ListItem","position":2,"name":"Sklep","item":"https:\/\/smallworldcamper.com\/?page_id=92"},{"@type":"ListItem","position":3,"name":"Natural stones &#8211; a spiritual guide to the energetic properties of stones"}]},{"@type":"WebSite","@id":"https:\/\/smallworldcamper.com\/#website","url":"https:\/\/smallworldcamper.com\/","name":"Small World Camper","description":"\u017by\u0107 tak naprawd\u0119 !","publisher":{"@id":"https:\/\/smallworldcamper.com\/#organization"},"potentialAction":[{"@type":"SearchAction","target":{"@type":"EntryPoint","urlTemplate":"https:\/\/smallworldcamper.com\/?s={search_term_string}"},"query-input":{"@type":"PropertyValueSpecification","valueRequired":true,"valueName":"search_term_string"}}],"inLanguage":"pl-PL"},{"@type":"Organization","@id":"https:\/\/smallworldcamper.com\/#organization","name":"Small World Camper","url":"https:\/\/smallworldcamper.com\/","logo":{"@type":"ImageObject","inLanguage":"pl-PL","@id":"https:\/\/smallworldcamper.com\/#\/schema\/logo\/image\/","url":"https:\/\/smallworldcamper.com\/wp-content\/uploads\/2025\/08\/cropped-Logo_SWC-KOLOR4-01-scaled-1.png","contentUrl":"https:\/\/smallworldcamper.com\/wp-content\/uploads\/2025\/08\/cropped-Logo_SWC-KOLOR4-01-scaled-1.png","width":250,"height":250,"caption":"Small World Camper"},"image":{"@id":"https:\/\/smallworldcamper.com\/#\/schema\/logo\/image\/"},"sameAs":["https:\/\/www.facebook.com\/small.world.camper\/","https:\/\/www.instagram.com\/small_world_camper\/"]}]}},"jetpack_sharing_enabled":true,"_links":{"self":[{"href":"https:\/\/smallworldcamper.com\/index.php?rest_route=\/wp\/v2\/product\/319","targetHints":{"allow":["GET"]}}],"collection":[{"href":"https:\/\/smallworldcamper.com\/index.php?rest_route=\/wp\/v2\/product"}],"about":[{"href":"https:\/\/smallworldcamper.com\/index.php?rest_route=\/wp\/v2\/types\/product"}],"wp:featuredmedia":[{"embeddable":true,"href":"https:\/\/smallworldcamper.com\/index.php?rest_route=\/wp\/v2\/media\/410"}],"wp:attachment":[{"href":"https:\/\/smallworldcamper.com\/index.php?rest_route=%2Fwp%2Fv2%2Fmedia&parent=319"}],"wp:term":[{"taxonomy":"product_brand","embeddable":true,"href":"https:\/\/smallworldcamper.com\/index.php?rest_route=%2Fwp%2Fv2%2Fproduct_brand&post=319"},{"taxonomy":"product_cat","embeddable":true,"href":"https:\/\/smallworldcamper.com\/index.php?rest_route=%2Fwp%2Fv2%2Fproduct_cat&post=319"},{"taxonomy":"product_tag","embeddable":true,"href":"https:\/\/smallworldcamper.com\/index.php?rest_route=%2Fwp%2Fv2%2Fproduct_tag&post=319"}],"curies":[{"name":"wp","href":"https:\/\/api.w.org\/{rel}","templated":true}]}}