{"id":361,"date":"2025-09-05T00:04:31","date_gmt":"2025-09-04T22:04:31","guid":{"rendered":"https:\/\/smallworldcamper.com\/?post_type=product&#038;p=361"},"modified":"2025-09-05T00:13:13","modified_gmt":"2025-09-04T22:13:13","slug":"sloneczny-spokoj","status":"publish","type":"product","link":"https:\/\/smallworldcamper.com\/?product=sloneczny-spokoj","title":{"rendered":"S\u0142oneczny spok\u00f3j"},"content":{"rendered":"","protected":false},"excerpt":{"rendered":"<p><strong>Olejki<\/strong>: Pomara\u0144cza, lawenda, sza\u0142wia lekarska, grejpfrut<\/p>\n<p>Ciep\u0142y dotyk s\u0142o\u0144ca, gdy wszystko w Tobie cichnie. Pomara\u0144cza i grejpfrut przynosz\u0105 u\u015bmiech, lawenda relaksuje, a sza\u0142wia wycisza chaos. To zapach r\u00f3wnowagi- \u00a0\u0142agodny i kobiecy, na dni, kiedy chcesz wr\u00f3ci\u0107 do siebie.<\/p>\n","protected":false},"featured_media":362,"template":"","meta":[],"product_brand":[34],"product_cat":[65],"product_tag":[48,39,68,49,43],"class_list":{"0":"post-361","1":"product","2":"type-product","3":"status-publish","4":"has-post-thumbnail","6":"product_brand-small-world-camper","7":"product_cat-mg","8":"product_tag-grejpfrut","9":"product_tag-lawenda","10":"product_tag-olejki","11":"product_tag-pomarancza","12":"product_tag-szalwia-lekarska","14":"first","15":"instock","16":"sold-individually","17":"taxable","18":"shipping-taxable","19":"purchasable","20":"product-type-simple"},"yoast_head":"<!-- This site is optimized with the Yoast SEO plugin v23.4 - https:\/\/yoast.com\/wordpress\/plugins\/seo\/ -->\n<title>S\u0142oneczny spok\u00f3j - Small World Camper<\/title>\n<meta name=\"robots\" content=\"index, follow, max-snippet:-1, max-image-preview:large, max-video-preview:-1\" \/>\n<link rel=\"canonical\" href=\"https:\/\/smallworldcamper.com\/?product=sloneczny-spokoj\" \/>\n<meta property=\"og:locale\" content=\"pl_PL\" \/>\n<meta property=\"og:type\" content=\"article\" \/>\n<meta property=\"og:title\" content=\"S\u0142oneczny spok\u00f3j - Small World Camper\" \/>\n<meta property=\"og:description\" content=\"Olejki: Pomara\u0144cza, lawenda, sza\u0142wia lekarska, grejpfrut  Ciep\u0142y dotyk s\u0142o\u0144ca, gdy wszystko w Tobie cichnie. Pomara\u0144cza i grejpfrut przynosz\u0105 u\u015bmiech, lawenda relaksuje, a sza\u0142wia wycisza chaos. To zapach r\u00f3wnowagi- \u00a0\u0142agodny i kobiecy, na dni, kiedy chcesz wr\u00f3ci\u0107 do siebie.\" \/>\n<meta property=\"og:url\" content=\"https:\/\/smallworldcamper.com\/?product=sloneczny-spokoj\" \/>\n<meta property=\"og:site_name\" content=\"Small World Camper\" \/>\n<meta property=\"article:publisher\" content=\"https:\/\/www.facebook.com\/small.world.camper\/\" \/>\n<meta property=\"article:modified_time\" content=\"2025-09-04T22:13:13+00:00\" \/>\n<meta property=\"og:image\" content=\"https:\/\/smallworldcamper.com\/wp-content\/uploads\/2025\/09\/sloneczny-spokoj-rotated.jpeg\" \/>\n\t<meta property=\"og:image:width\" content=\"1512\" \/>\n\t<meta property=\"og:image:height\" content=\"2016\" \/>\n\t<meta property=\"og:image:type\" content=\"image\/jpeg\" \/>\n<meta name=\"twitter:card\" content=\"summary_large_image\" \/>\n<meta name=\"twitter:label1\" content=\"Szacowany czas czytania\" \/>\n\t<meta name=\"twitter:data1\" content=\"1 minuta\" \/>\n<script type=\"application\/ld+json\" class=\"yoast-schema-graph\">{\"@context\":\"https:\/\/schema.org\",\"@graph\":[{\"@type\":\"WebPage\",\"@id\":\"https:\/\/smallworldcamper.com\/?product=sloneczny-spokoj\",\"url\":\"https:\/\/smallworldcamper.com\/?product=sloneczny-spokoj\",\"name\":\"S\u0142oneczny spok\u00f3j - Small World Camper\",\"isPartOf\":{\"@id\":\"https:\/\/smallworldcamper.com\/#website\"},\"primaryImageOfPage\":{\"@id\":\"https:\/\/smallworldcamper.com\/?product=sloneczny-spokoj#primaryimage\"},\"image\":{\"@id\":\"https:\/\/smallworldcamper.com\/?product=sloneczny-spokoj#primaryimage\"},\"thumbnailUrl\":\"https:\/\/smallworldcamper.com\/wp-content\/uploads\/2025\/09\/sloneczny-spokoj-rotated.jpeg\",\"datePublished\":\"2025-09-04T22:04:31+00:00\",\"dateModified\":\"2025-09-04T22:13:13+00:00\",\"breadcrumb\":{\"@id\":\"https:\/\/smallworldcamper.com\/?product=sloneczny-spokoj#breadcrumb\"},\"inLanguage\":\"pl-PL\",\"potentialAction\":[{\"@type\":\"ReadAction\",\"target\":[\"https:\/\/smallworldcamper.com\/?product=sloneczny-spokoj\"]}]},{\"@type\":\"ImageObject\",\"inLanguage\":\"pl-PL\",\"@id\":\"https:\/\/smallworldcamper.com\/?product=sloneczny-spokoj#primaryimage\",\"url\":\"https:\/\/smallworldcamper.com\/wp-content\/uploads\/2025\/09\/sloneczny-spokoj-rotated.jpeg\",\"contentUrl\":\"https:\/\/smallworldcamper.com\/wp-content\/uploads\/2025\/09\/sloneczny-spokoj-rotated.jpeg\",\"width\":1512,\"height\":2016},{\"@type\":\"BreadcrumbList\",\"@id\":\"https:\/\/smallworldcamper.com\/?product=sloneczny-spokoj#breadcrumb\",\"itemListElement\":[{\"@type\":\"ListItem\",\"position\":1,\"name\":\"Home\",\"item\":\"https:\/\/smallworldcamper.com\/\"},{\"@type\":\"ListItem\",\"position\":2,\"name\":\"Sklep\",\"item\":\"https:\/\/smallworldcamper.com\/?page_id=92\"},{\"@type\":\"ListItem\",\"position\":3,\"name\":\"S\u0142oneczny spok\u00f3j\"}]},{\"@type\":\"WebSite\",\"@id\":\"https:\/\/smallworldcamper.com\/#website\",\"url\":\"https:\/\/smallworldcamper.com\/\",\"name\":\"Small World Camper\",\"description\":\"\u017by\u0107 tak naprawd\u0119 !\",\"publisher\":{\"@id\":\"https:\/\/smallworldcamper.com\/#organization\"},\"potentialAction\":[{\"@type\":\"SearchAction\",\"target\":{\"@type\":\"EntryPoint\",\"urlTemplate\":\"https:\/\/smallworldcamper.com\/?s={search_term_string}\"},\"query-input\":{\"@type\":\"PropertyValueSpecification\",\"valueRequired\":true,\"valueName\":\"search_term_string\"}}],\"inLanguage\":\"pl-PL\"},{\"@type\":\"Organization\",\"@id\":\"https:\/\/smallworldcamper.com\/#organization\",\"name\":\"Small World Camper\",\"url\":\"https:\/\/smallworldcamper.com\/\",\"logo\":{\"@type\":\"ImageObject\",\"inLanguage\":\"pl-PL\",\"@id\":\"https:\/\/smallworldcamper.com\/#\/schema\/logo\/image\/\",\"url\":\"https:\/\/smallworldcamper.com\/wp-content\/uploads\/2025\/08\/cropped-Logo_SWC-KOLOR4-01-scaled-1.png\",\"contentUrl\":\"https:\/\/smallworldcamper.com\/wp-content\/uploads\/2025\/08\/cropped-Logo_SWC-KOLOR4-01-scaled-1.png\",\"width\":250,\"height\":250,\"caption\":\"Small World Camper\"},\"image\":{\"@id\":\"https:\/\/smallworldcamper.com\/#\/schema\/logo\/image\/\"},\"sameAs\":[\"https:\/\/www.facebook.com\/small.world.camper\/\",\"https:\/\/www.instagram.com\/small_world_camper\/\"]}]}<\/script>\n<!-- \/ Yoast SEO plugin. -->","yoast_head_json":{"title":"S\u0142oneczny spok\u00f3j - Small World Camper","robots":{"index":"index","follow":"follow","max-snippet":"max-snippet:-1","max-image-preview":"max-image-preview:large","max-video-preview":"max-video-preview:-1"},"canonical":"https:\/\/smallworldcamper.com\/?product=sloneczny-spokoj","og_locale":"pl_PL","og_type":"article","og_title":"S\u0142oneczny spok\u00f3j - Small World Camper","og_description":"Olejki: Pomara\u0144cza, lawenda, sza\u0142wia lekarska, grejpfrut  Ciep\u0142y dotyk s\u0142o\u0144ca, gdy wszystko w Tobie cichnie. Pomara\u0144cza i grejpfrut przynosz\u0105 u\u015bmiech, lawenda relaksuje, a sza\u0142wia wycisza chaos. To zapach r\u00f3wnowagi- \u00a0\u0142agodny i kobiecy, na dni, kiedy chcesz wr\u00f3ci\u0107 do siebie.","og_url":"https:\/\/smallworldcamper.com\/?product=sloneczny-spokoj","og_site_name":"Small World Camper","article_publisher":"https:\/\/www.facebook.com\/small.world.camper\/","article_modified_time":"2025-09-04T22:13:13+00:00","og_image":[{"width":1512,"height":2016,"url":"https:\/\/smallworldcamper.com\/wp-content\/uploads\/2025\/09\/sloneczny-spokoj-rotated.jpeg","type":"image\/jpeg"}],"twitter_card":"summary_large_image","twitter_misc":{"Szacowany czas czytania":"1 minuta"},"schema":{"@context":"https:\/\/schema.org","@graph":[{"@type":"WebPage","@id":"https:\/\/smallworldcamper.com\/?product=sloneczny-spokoj","url":"https:\/\/smallworldcamper.com\/?product=sloneczny-spokoj","name":"S\u0142oneczny spok\u00f3j - Small World Camper","isPartOf":{"@id":"https:\/\/smallworldcamper.com\/#website"},"primaryImageOfPage":{"@id":"https:\/\/smallworldcamper.com\/?product=sloneczny-spokoj#primaryimage"},"image":{"@id":"https:\/\/smallworldcamper.com\/?product=sloneczny-spokoj#primaryimage"},"thumbnailUrl":"https:\/\/smallworldcamper.com\/wp-content\/uploads\/2025\/09\/sloneczny-spokoj-rotated.jpeg","datePublished":"2025-09-04T22:04:31+00:00","dateModified":"2025-09-04T22:13:13+00:00","breadcrumb":{"@id":"https:\/\/smallworldcamper.com\/?product=sloneczny-spokoj#breadcrumb"},"inLanguage":"pl-PL","potentialAction":[{"@type":"ReadAction","target":["https:\/\/smallworldcamper.com\/?product=sloneczny-spokoj"]}]},{"@type":"ImageObject","inLanguage":"pl-PL","@id":"https:\/\/smallworldcamper.com\/?product=sloneczny-spokoj#primaryimage","url":"https:\/\/smallworldcamper.com\/wp-content\/uploads\/2025\/09\/sloneczny-spokoj-rotated.jpeg","contentUrl":"https:\/\/smallworldcamper.com\/wp-content\/uploads\/2025\/09\/sloneczny-spokoj-rotated.jpeg","width":1512,"height":2016},{"@type":"BreadcrumbList","@id":"https:\/\/smallworldcamper.com\/?product=sloneczny-spokoj#breadcrumb","itemListElement":[{"@type":"ListItem","position":1,"name":"Home","item":"https:\/\/smallworldcamper.com\/"},{"@type":"ListItem","position":2,"name":"Sklep","item":"https:\/\/smallworldcamper.com\/?page_id=92"},{"@type":"ListItem","position":3,"name":"S\u0142oneczny spok\u00f3j"}]},{"@type":"WebSite","@id":"https:\/\/smallworldcamper.com\/#website","url":"https:\/\/smallworldcamper.com\/","name":"Small World Camper","description":"\u017by\u0107 tak naprawd\u0119 !","publisher":{"@id":"https:\/\/smallworldcamper.com\/#organization"},"potentialAction":[{"@type":"SearchAction","target":{"@type":"EntryPoint","urlTemplate":"https:\/\/smallworldcamper.com\/?s={search_term_string}"},"query-input":{"@type":"PropertyValueSpecification","valueRequired":true,"valueName":"search_term_string"}}],"inLanguage":"pl-PL"},{"@type":"Organization","@id":"https:\/\/smallworldcamper.com\/#organization","name":"Small World Camper","url":"https:\/\/smallworldcamper.com\/","logo":{"@type":"ImageObject","inLanguage":"pl-PL","@id":"https:\/\/smallworldcamper.com\/#\/schema\/logo\/image\/","url":"https:\/\/smallworldcamper.com\/wp-content\/uploads\/2025\/08\/cropped-Logo_SWC-KOLOR4-01-scaled-1.png","contentUrl":"https:\/\/smallworldcamper.com\/wp-content\/uploads\/2025\/08\/cropped-Logo_SWC-KOLOR4-01-scaled-1.png","width":250,"height":250,"caption":"Small World Camper"},"image":{"@id":"https:\/\/smallworldcamper.com\/#\/schema\/logo\/image\/"},"sameAs":["https:\/\/www.facebook.com\/small.world.camper\/","https:\/\/www.instagram.com\/small_world_camper\/"]}]}},"jetpack_sharing_enabled":true,"_links":{"self":[{"href":"https:\/\/smallworldcamper.com\/index.php?rest_route=\/wp\/v2\/product\/361","targetHints":{"allow":["GET"]}}],"collection":[{"href":"https:\/\/smallworldcamper.com\/index.php?rest_route=\/wp\/v2\/product"}],"about":[{"href":"https:\/\/smallworldcamper.com\/index.php?rest_route=\/wp\/v2\/types\/product"}],"wp:featuredmedia":[{"embeddable":true,"href":"https:\/\/smallworldcamper.com\/index.php?rest_route=\/wp\/v2\/media\/362"}],"wp:attachment":[{"href":"https:\/\/smallworldcamper.com\/index.php?rest_route=%2Fwp%2Fv2%2Fmedia&parent=361"}],"wp:term":[{"taxonomy":"product_brand","embeddable":true,"href":"https:\/\/smallworldcamper.com\/index.php?rest_route=%2Fwp%2Fv2%2Fproduct_brand&post=361"},{"taxonomy":"product_cat","embeddable":true,"href":"https:\/\/smallworldcamper.com\/index.php?rest_route=%2Fwp%2Fv2%2Fproduct_cat&post=361"},{"taxonomy":"product_tag","embeddable":true,"href":"https:\/\/smallworldcamper.com\/index.php?rest_route=%2Fwp%2Fv2%2Fproduct_tag&post=361"}],"curies":[{"name":"wp","href":"https:\/\/api.w.org\/{rel}","templated":true}]}}