{"id":367,"date":"2025-09-05T00:23:13","date_gmt":"2025-09-04T22:23:13","guid":{"rendered":"https:\/\/smallworldcamper.com\/?post_type=product&#038;p=367"},"modified":"2025-09-05T00:25:03","modified_gmt":"2025-09-04T22:25:03","slug":"czystosc-energii","status":"publish","type":"product","link":"https:\/\/smallworldcamper.com\/?product=czystosc-energii","title":{"rendered":"Czysto\u015b\u0107 energii"},"content":{"rendered":"","protected":false},"excerpt":{"rendered":"<p><strong>Olejki:<\/strong> Eukaliptus, drzewo herbaciane, sza\u0142wia lekarska<\/p>\n<p>Oddychaj g\u0142\u0119biej. Eukaliptus i drzewo herbaciane oczyszczaj\u0105 nie tylko przestrze\u0144, ale i emocje. Sza\u0142wia przywraca wewn\u0119trzn\u0105 moc. To mgie\u0142ka ochronna \u2013 \u015bwie\u017ca, klarowna, z wysok\u0105 wibracj\u0105. Idealna na reset i energetyczne odci\u0119cie od chaosu.<\/p>\n","protected":false},"featured_media":368,"template":"","meta":[],"product_brand":[34],"product_cat":[65],"product_tag":[38,41,68,43],"class_list":{"0":"post-367","1":"product","2":"type-product","3":"status-publish","4":"has-post-thumbnail","6":"product_brand-small-world-camper","7":"product_cat-mg","8":"product_tag-drzewo-herbaciane","9":"product_tag-eukaliptus","10":"product_tag-olejki","11":"product_tag-szalwia-lekarska","13":"first","14":"instock","15":"sold-individually","16":"taxable","17":"shipping-taxable","18":"purchasable","19":"product-type-simple"},"yoast_head":"<!-- This site is optimized with the Yoast SEO plugin v23.4 - https:\/\/yoast.com\/wordpress\/plugins\/seo\/ -->\n<title>Czysto\u015b\u0107 energii - Small World Camper<\/title>\n<meta name=\"robots\" content=\"index, follow, max-snippet:-1, max-image-preview:large, max-video-preview:-1\" \/>\n<link rel=\"canonical\" href=\"https:\/\/smallworldcamper.com\/?product=czystosc-energii\" \/>\n<meta property=\"og:locale\" content=\"pl_PL\" \/>\n<meta property=\"og:type\" content=\"article\" \/>\n<meta property=\"og:title\" content=\"Czysto\u015b\u0107 energii - Small World Camper\" \/>\n<meta property=\"og:description\" content=\"Olejki: Eukaliptus, drzewo herbaciane, sza\u0142wia lekarska  Oddychaj g\u0142\u0119biej. Eukaliptus i drzewo herbaciane oczyszczaj\u0105 nie tylko przestrze\u0144, ale i emocje. Sza\u0142wia przywraca wewn\u0119trzn\u0105 moc. To mgie\u0142ka ochronna \u2013 \u015bwie\u017ca, klarowna, z wysok\u0105 wibracj\u0105. Idealna na reset i energetyczne odci\u0119cie od chaosu.\" \/>\n<meta property=\"og:url\" content=\"https:\/\/smallworldcamper.com\/?product=czystosc-energii\" \/>\n<meta property=\"og:site_name\" content=\"Small World Camper\" \/>\n<meta property=\"article:publisher\" content=\"https:\/\/www.facebook.com\/small.world.camper\/\" \/>\n<meta property=\"article:modified_time\" content=\"2025-09-04T22:25:03+00:00\" \/>\n<meta property=\"og:image\" content=\"https:\/\/smallworldcamper.com\/wp-content\/uploads\/2025\/09\/czystosc-energii-rotated.jpeg\" \/>\n\t<meta property=\"og:image:width\" content=\"1512\" \/>\n\t<meta property=\"og:image:height\" content=\"2016\" \/>\n\t<meta property=\"og:image:type\" content=\"image\/jpeg\" \/>\n<meta name=\"twitter:card\" content=\"summary_large_image\" \/>\n<meta name=\"twitter:label1\" content=\"Szacowany czas czytania\" \/>\n\t<meta name=\"twitter:data1\" content=\"1 minuta\" \/>\n<script type=\"application\/ld+json\" class=\"yoast-schema-graph\">{\"@context\":\"https:\/\/schema.org\",\"@graph\":[{\"@type\":\"WebPage\",\"@id\":\"https:\/\/smallworldcamper.com\/?product=czystosc-energii\",\"url\":\"https:\/\/smallworldcamper.com\/?product=czystosc-energii\",\"name\":\"Czysto\u015b\u0107 energii - Small World Camper\",\"isPartOf\":{\"@id\":\"https:\/\/smallworldcamper.com\/#website\"},\"primaryImageOfPage\":{\"@id\":\"https:\/\/smallworldcamper.com\/?product=czystosc-energii#primaryimage\"},\"image\":{\"@id\":\"https:\/\/smallworldcamper.com\/?product=czystosc-energii#primaryimage\"},\"thumbnailUrl\":\"https:\/\/smallworldcamper.com\/wp-content\/uploads\/2025\/09\/czystosc-energii-rotated.jpeg\",\"datePublished\":\"2025-09-04T22:23:13+00:00\",\"dateModified\":\"2025-09-04T22:25:03+00:00\",\"breadcrumb\":{\"@id\":\"https:\/\/smallworldcamper.com\/?product=czystosc-energii#breadcrumb\"},\"inLanguage\":\"pl-PL\",\"potentialAction\":[{\"@type\":\"ReadAction\",\"target\":[\"https:\/\/smallworldcamper.com\/?product=czystosc-energii\"]}]},{\"@type\":\"ImageObject\",\"inLanguage\":\"pl-PL\",\"@id\":\"https:\/\/smallworldcamper.com\/?product=czystosc-energii#primaryimage\",\"url\":\"https:\/\/smallworldcamper.com\/wp-content\/uploads\/2025\/09\/czystosc-energii-rotated.jpeg\",\"contentUrl\":\"https:\/\/smallworldcamper.com\/wp-content\/uploads\/2025\/09\/czystosc-energii-rotated.jpeg\",\"width\":1512,\"height\":2016},{\"@type\":\"BreadcrumbList\",\"@id\":\"https:\/\/smallworldcamper.com\/?product=czystosc-energii#breadcrumb\",\"itemListElement\":[{\"@type\":\"ListItem\",\"position\":1,\"name\":\"Home\",\"item\":\"https:\/\/smallworldcamper.com\/\"},{\"@type\":\"ListItem\",\"position\":2,\"name\":\"Sklep\",\"item\":\"https:\/\/smallworldcamper.com\/?page_id=92\"},{\"@type\":\"ListItem\",\"position\":3,\"name\":\"Czysto\u015b\u0107 energii\"}]},{\"@type\":\"WebSite\",\"@id\":\"https:\/\/smallworldcamper.com\/#website\",\"url\":\"https:\/\/smallworldcamper.com\/\",\"name\":\"Small World Camper\",\"description\":\"\u017by\u0107 tak naprawd\u0119 !\",\"publisher\":{\"@id\":\"https:\/\/smallworldcamper.com\/#organization\"},\"potentialAction\":[{\"@type\":\"SearchAction\",\"target\":{\"@type\":\"EntryPoint\",\"urlTemplate\":\"https:\/\/smallworldcamper.com\/?s={search_term_string}\"},\"query-input\":{\"@type\":\"PropertyValueSpecification\",\"valueRequired\":true,\"valueName\":\"search_term_string\"}}],\"inLanguage\":\"pl-PL\"},{\"@type\":\"Organization\",\"@id\":\"https:\/\/smallworldcamper.com\/#organization\",\"name\":\"Small World Camper\",\"url\":\"https:\/\/smallworldcamper.com\/\",\"logo\":{\"@type\":\"ImageObject\",\"inLanguage\":\"pl-PL\",\"@id\":\"https:\/\/smallworldcamper.com\/#\/schema\/logo\/image\/\",\"url\":\"https:\/\/smallworldcamper.com\/wp-content\/uploads\/2025\/08\/cropped-Logo_SWC-KOLOR4-01-scaled-1.png\",\"contentUrl\":\"https:\/\/smallworldcamper.com\/wp-content\/uploads\/2025\/08\/cropped-Logo_SWC-KOLOR4-01-scaled-1.png\",\"width\":250,\"height\":250,\"caption\":\"Small World Camper\"},\"image\":{\"@id\":\"https:\/\/smallworldcamper.com\/#\/schema\/logo\/image\/\"},\"sameAs\":[\"https:\/\/www.facebook.com\/small.world.camper\/\",\"https:\/\/www.instagram.com\/small_world_camper\/\"]}]}<\/script>\n<!-- \/ Yoast SEO plugin. -->","yoast_head_json":{"title":"Czysto\u015b\u0107 energii - Small World Camper","robots":{"index":"index","follow":"follow","max-snippet":"max-snippet:-1","max-image-preview":"max-image-preview:large","max-video-preview":"max-video-preview:-1"},"canonical":"https:\/\/smallworldcamper.com\/?product=czystosc-energii","og_locale":"pl_PL","og_type":"article","og_title":"Czysto\u015b\u0107 energii - Small World Camper","og_description":"Olejki: Eukaliptus, drzewo herbaciane, sza\u0142wia lekarska  Oddychaj g\u0142\u0119biej. Eukaliptus i drzewo herbaciane oczyszczaj\u0105 nie tylko przestrze\u0144, ale i emocje. Sza\u0142wia przywraca wewn\u0119trzn\u0105 moc. To mgie\u0142ka ochronna \u2013 \u015bwie\u017ca, klarowna, z wysok\u0105 wibracj\u0105. Idealna na reset i energetyczne odci\u0119cie od chaosu.","og_url":"https:\/\/smallworldcamper.com\/?product=czystosc-energii","og_site_name":"Small World Camper","article_publisher":"https:\/\/www.facebook.com\/small.world.camper\/","article_modified_time":"2025-09-04T22:25:03+00:00","og_image":[{"width":1512,"height":2016,"url":"https:\/\/smallworldcamper.com\/wp-content\/uploads\/2025\/09\/czystosc-energii-rotated.jpeg","type":"image\/jpeg"}],"twitter_card":"summary_large_image","twitter_misc":{"Szacowany czas czytania":"1 minuta"},"schema":{"@context":"https:\/\/schema.org","@graph":[{"@type":"WebPage","@id":"https:\/\/smallworldcamper.com\/?product=czystosc-energii","url":"https:\/\/smallworldcamper.com\/?product=czystosc-energii","name":"Czysto\u015b\u0107 energii - Small World Camper","isPartOf":{"@id":"https:\/\/smallworldcamper.com\/#website"},"primaryImageOfPage":{"@id":"https:\/\/smallworldcamper.com\/?product=czystosc-energii#primaryimage"},"image":{"@id":"https:\/\/smallworldcamper.com\/?product=czystosc-energii#primaryimage"},"thumbnailUrl":"https:\/\/smallworldcamper.com\/wp-content\/uploads\/2025\/09\/czystosc-energii-rotated.jpeg","datePublished":"2025-09-04T22:23:13+00:00","dateModified":"2025-09-04T22:25:03+00:00","breadcrumb":{"@id":"https:\/\/smallworldcamper.com\/?product=czystosc-energii#breadcrumb"},"inLanguage":"pl-PL","potentialAction":[{"@type":"ReadAction","target":["https:\/\/smallworldcamper.com\/?product=czystosc-energii"]}]},{"@type":"ImageObject","inLanguage":"pl-PL","@id":"https:\/\/smallworldcamper.com\/?product=czystosc-energii#primaryimage","url":"https:\/\/smallworldcamper.com\/wp-content\/uploads\/2025\/09\/czystosc-energii-rotated.jpeg","contentUrl":"https:\/\/smallworldcamper.com\/wp-content\/uploads\/2025\/09\/czystosc-energii-rotated.jpeg","width":1512,"height":2016},{"@type":"BreadcrumbList","@id":"https:\/\/smallworldcamper.com\/?product=czystosc-energii#breadcrumb","itemListElement":[{"@type":"ListItem","position":1,"name":"Home","item":"https:\/\/smallworldcamper.com\/"},{"@type":"ListItem","position":2,"name":"Sklep","item":"https:\/\/smallworldcamper.com\/?page_id=92"},{"@type":"ListItem","position":3,"name":"Czysto\u015b\u0107 energii"}]},{"@type":"WebSite","@id":"https:\/\/smallworldcamper.com\/#website","url":"https:\/\/smallworldcamper.com\/","name":"Small World Camper","description":"\u017by\u0107 tak naprawd\u0119 !","publisher":{"@id":"https:\/\/smallworldcamper.com\/#organization"},"potentialAction":[{"@type":"SearchAction","target":{"@type":"EntryPoint","urlTemplate":"https:\/\/smallworldcamper.com\/?s={search_term_string}"},"query-input":{"@type":"PropertyValueSpecification","valueRequired":true,"valueName":"search_term_string"}}],"inLanguage":"pl-PL"},{"@type":"Organization","@id":"https:\/\/smallworldcamper.com\/#organization","name":"Small World Camper","url":"https:\/\/smallworldcamper.com\/","logo":{"@type":"ImageObject","inLanguage":"pl-PL","@id":"https:\/\/smallworldcamper.com\/#\/schema\/logo\/image\/","url":"https:\/\/smallworldcamper.com\/wp-content\/uploads\/2025\/08\/cropped-Logo_SWC-KOLOR4-01-scaled-1.png","contentUrl":"https:\/\/smallworldcamper.com\/wp-content\/uploads\/2025\/08\/cropped-Logo_SWC-KOLOR4-01-scaled-1.png","width":250,"height":250,"caption":"Small World Camper"},"image":{"@id":"https:\/\/smallworldcamper.com\/#\/schema\/logo\/image\/"},"sameAs":["https:\/\/www.facebook.com\/small.world.camper\/","https:\/\/www.instagram.com\/small_world_camper\/"]}]}},"jetpack_sharing_enabled":true,"_links":{"self":[{"href":"https:\/\/smallworldcamper.com\/index.php?rest_route=\/wp\/v2\/product\/367","targetHints":{"allow":["GET"]}}],"collection":[{"href":"https:\/\/smallworldcamper.com\/index.php?rest_route=\/wp\/v2\/product"}],"about":[{"href":"https:\/\/smallworldcamper.com\/index.php?rest_route=\/wp\/v2\/types\/product"}],"wp:featuredmedia":[{"embeddable":true,"href":"https:\/\/smallworldcamper.com\/index.php?rest_route=\/wp\/v2\/media\/368"}],"wp:attachment":[{"href":"https:\/\/smallworldcamper.com\/index.php?rest_route=%2Fwp%2Fv2%2Fmedia&parent=367"}],"wp:term":[{"taxonomy":"product_brand","embeddable":true,"href":"https:\/\/smallworldcamper.com\/index.php?rest_route=%2Fwp%2Fv2%2Fproduct_brand&post=367"},{"taxonomy":"product_cat","embeddable":true,"href":"https:\/\/smallworldcamper.com\/index.php?rest_route=%2Fwp%2Fv2%2Fproduct_cat&post=367"},{"taxonomy":"product_tag","embeddable":true,"href":"https:\/\/smallworldcamper.com\/index.php?rest_route=%2Fwp%2Fv2%2Fproduct_tag&post=367"}],"curies":[{"name":"wp","href":"https:\/\/api.w.org\/{rel}","templated":true}]}}